{"id":7400,"date":"2022-10-10T17:12:26","date_gmt":"2022-10-10T17:12:26","guid":{"rendered":"https:\/\/resulam.com\/?post_type=product&#038;p=7400"},"modified":"2022-10-10T17:12:26","modified_gmt":"2022-10-10T17:12:26","slug":"conversations-de-base-en-langue-medumba-french-edition","status":"publish","type":"product","link":"https:\/\/resulam.com\/fr\/produit\/conversations-de-base-en-langue-medumba-french-edition\/","title":{"rendered":"Conversations de base en langue medumba (French Edition)"},"content":{"rendered":"<section class=\"wpb-content-wrapper\"><div class=\"vc_row wpb_row vc_row-fluid\"><div class=\"wpb_column vc_column_container vc_col-sm-6\"><div class=\"vc_column-inner\"><div class=\"wpb_wrapper\">\n\t<div class=\"wpb_text_column wpb_content_element\" >\n\t\t<div class=\"wpb_wrapper\">\n\t\t\t<h1 id=\"title\" class=\"a-spacing-none a-text-normal\"><span id=\"productTitle\" class=\"a-size-extra-large\">Conversation de base<\/span><\/h1>\n<div id=\"bookDescription_feature_div\" class=\"celwidget\" data-feature-name=\"bookDescription\" data-csa-c-id=\"gmj1g9-l5x2fo-cua98t-zg8dvf\" data-cel-widget=\"bookDescription_feature_div\">\n<div class=\"a-expander-collapsed-height a-row a-expander-container a-spacing-base a-expander-partial-collapse-container\" data-a-expander-name=\"book_description_expander\" data-a-expander-collapsed-height=\"140\">\n<div class=\"a-expander-content a-expander-partial-collapse-content\" aria-expanded=\"false\">\n<p>Ce livre de conversation de base est soigneusement organis\u00e9 en 58 chapitres comprenant les conversations \u00e9l\u00e9mentaires n\u00e9cessaires pour d\u00e9marrer une conversation en langue medumba. Dans cette premi\u00e8re version, les conversations sont \u00e9crites en langue medumba en utilisant l\u2019Alphabet General des Langues Camerounaises (AGLC), puis traduites en fran\u00e7ais. A la fin de certains chapitres, vous retrouverez des remarques et points culturels qui vous permettront de vous familiariser avec la culture bamil\u00e9k\u00e9. Ce livre sera accompagn\u00e9 dans un futur proche par une bande audio, ce qui permettra \u00e0 l\u2019utilisateur ayant des difficult\u00e9s \u00e0 d\u00e9chiffrer l\u2019alphabet camerounais, d\u2019\u00e9couter la prononciation authentique des expressions par des natifs medumba.<\/p>\n<\/div>\n<\/div>\n<\/div>\n<p>www.resulam.com<\/p>\n\n\t\t<\/div>\n\t<\/div>\n<\/div><\/div><\/div><div class=\"wpb_column vc_column_container vc_col-sm-6\"><div class=\"vc_column-inner\"><div class=\"wpb_wrapper\">\n\t<div class=\"wpb_text_column wpb_content_element\" >\n\t\t<div class=\"wpb_wrapper\">\n\t\t\t<h2>Product details<\/h2>\n<div id=\"detailBullets_feature_div\">\n<ul class=\"a-unordered-list a-nostyle a-vertical a-spacing-none detail-bullet-list\">\n<li><span class=\"a-list-item\"><span class=\"a-text-bold\">ASIN \u200f : \u200e\u00a0<\/span>B08PJQ3882<\/span><\/li>\n<li><span class=\"a-list-item\"><span class=\"a-text-bold\">Publisher \u200f : \u200e\u00a0<\/span>Independently published (December 3, 2020)<\/span><\/li>\n<li><span class=\"a-list-item\"><span class=\"a-text-bold\">Language \u200f : \u200e\u00a0<\/span>French<\/span><\/li>\n<li><span class=\"a-list-item\"><span class=\"a-text-bold\">Paperback \u200f : \u200e\u00a0<\/span>96 pages<\/span><\/li>\n<li><span class=\"a-list-item\"><span class=\"a-text-bold\">ISBN-13 \u200f : \u200e\u00a0<\/span>979-8575709787<\/span><\/li>\n<li><span class=\"a-list-item\"><span class=\"a-text-bold\">Item Weight \u200f : \u200e\u00a0<\/span>7 ounces<\/span><\/li>\n<li><span class=\"a-list-item\"><span class=\"a-text-bold\">Dimensions \u200f : \u200e\u00a0<\/span>6 x 0.23 x 9 inches<\/span><\/li>\n<\/ul>\n<\/div>\n<ul class=\"a-unordered-list a-nostyle a-vertical a-spacing-none detail-bullet-list\">\n<li><span class=\"a-list-item\"><span class=\"a-text-bold\">Best Sellers Rank:\u00a0<\/span>#6,066,151 in Books (<a href=\"https:\/\/www.amazon.com\/gp\/bestsellers\/books\/ref=pd_zg_ts_books\">See Top 100 in Books<\/a>)<\/span><\/li>\n<\/ul>\n<p>&nbsp;<\/p>\n\n\t\t<\/div>\n\t<\/div>\n<\/div><\/div><\/div><\/div>\n<\/section>","protected":false},"excerpt":{"rendered":"Conversation de base Ce livre de conversation de base est soigneusement organis\u00e9 en 58 chapitres comprenant les conversations \u00e9l\u00e9mentaires n\u00e9cessaires","protected":false},"featured_media":7401,"comment_status":"open","ping_status":"closed","template":"","meta":[],"product_cat":[73,82],"product_tag":[],"class_list":["post-7400","product","type-product","status-publish","has-post-thumbnail","hentry","product_cat-bamileke","product_cat-medumba"],"_links":{"self":[{"href":"https:\/\/resulam.com\/fr\/wp-json\/wp\/v2\/product\/7400","targetHints":{"allow":["GET"]}}],"collection":[{"href":"https:\/\/resulam.com\/fr\/wp-json\/wp\/v2\/product"}],"about":[{"href":"https:\/\/resulam.com\/fr\/wp-json\/wp\/v2\/types\/product"}],"replies":[{"embeddable":true,"href":"https:\/\/resulam.com\/fr\/wp-json\/wp\/v2\/comments?post=7400"}],"wp:featuredmedia":[{"embeddable":true,"href":"https:\/\/resulam.com\/fr\/wp-json\/wp\/v2\/media\/7401"}],"wp:attachment":[{"href":"https:\/\/resulam.com\/fr\/wp-json\/wp\/v2\/media?parent=7400"}],"wp:term":[{"taxonomy":"product_cat","embeddable":true,"href":"https:\/\/resulam.com\/fr\/wp-json\/wp\/v2\/product_cat?post=7400"},{"taxonomy":"product_tag","embeddable":true,"href":"https:\/\/resulam.com\/fr\/wp-json\/wp\/v2\/product_tag?post=7400"}],"curies":[{"name":"wp","href":"https:\/\/api.w.org\/{rel}","templated":true}]}}