{"id":7398,"date":"2022-10-10T16:59:00","date_gmt":"2022-10-10T16:59:00","guid":{"rendered":"https:\/\/resulam.com\/?post_type=product&#038;p=7398"},"modified":"2022-10-10T17:02:15","modified_gmt":"2022-10-10T17:02:15","slug":"guide-de-conversation-trilingue-medumba-francais-anglais-m%c9%99d%ca%89%cc%82mb%ce%b1-french-english-phrasebook-french-edition","status":"publish","type":"product","link":"https:\/\/resulam.com\/fr\/produit\/guide-de-conversation-trilingue-medumba-francais-anglais-m%c9%99d%ca%89%cc%82mb%ce%b1-french-english-phrasebook-french-edition\/","title":{"rendered":"Guide de conversation trilingue Medumba-Fran\u00e7ais-anglais: M\u0259\u0300d\u0289\u0302mb\u03b1\u0300-French-English Phrasebook (French Edition)"},"content":{"rendered":"<section class=\"wpb-content-wrapper\"><div class=\"vc_row wpb_row vc_row-fluid\"><div class=\"wpb_column vc_column_container vc_col-sm-6\"><div class=\"vc_column-inner\"><div class=\"wpb_wrapper\">\n\t<div class=\"wpb_text_column wpb_content_element\" >\n\t\t<div class=\"wpb_wrapper\">\n\t\t\t<h1 id=\"title\" class=\"a-spacing-none a-text-normal\"><span id=\"productTitle\" class=\"a-size-extra-large\">Guide de conversation<\/span><\/h1>\n<div id=\"bookDescription_feature_div\" class=\"celwidget\" data-feature-name=\"bookDescription\" data-csa-c-id=\"gmj1g9-l5x2fo-cua98t-zg8dvf\" data-cel-widget=\"bookDescription_feature_div\">\n<div class=\"a-expander-collapsed-height a-row a-expander-container a-spacing-base a-expander-partial-collapse-container\" data-a-expander-name=\"book_description_expander\" data-a-expander-collapsed-height=\"140\">\n<div class=\"a-expander-content a-expander-partial-collapse-content\" aria-expanded=\"false\">\n<div class=\"a-expander-content a-expander-partial-collapse-content a-expander-content-expanded\" aria-expanded=\"true\">\n<p>Ce guide de conversation\u00a0<span class=\"a-text-bold\">trilingue fran\u00e7ais-anglais-<\/span>\u00a0<span class=\"a-text-bold\">M\u0259\u0300d\u0289\u0302mb\u0251\u0300\u00a0<\/span>(trilingual phrasebook en anglais) est une mise \u00e0 jour du livre du m\u00eame nom. Comme nouveaut\u00e9s :<\/p>\n<ul class=\"a-unordered-list a-vertical\">\n<li><span class=\"a-list-item\">Les chapitres ont \u00e9t\u00e9\u00a0<span class=\"a-text-bold\">remodel\u00e9s<\/span>. Plusieurs chapitres jug\u00e9s moins n\u00e9cessaires (les parties du corps humain par exemple) ont c\u00e9d\u00e9 la place \u00e0 des chapitres de grammaire que nous avons jug\u00e9 tr\u00e8s important pour la communication de chaque jour. Des notions telles que : J\u2019ai d\u00e9j\u00e0\u2026, je n\u2019ai pas encore\u2026 je viens de \u2026, je n\u2019ai jamais\u2026, etc.<\/span><\/li>\n<li><span class=\"a-list-item\">Un\u00a0<span class=\"a-text-bold\">chapitre consacr\u00e9 \u00e0 la culture\u00a0<\/span>a \u00e9t\u00e9 ajout\u00e9 \u00e0 la fin du livre. Ici vous retrouverez un vaste lexique culturel accompagn\u00e9 des images pour illustrer les mots abstraits.<\/span><\/li>\n<li><span class=\"a-list-item\">Comme autre belle nouveaut\u00e9, le livre ne se pr\u00e9sente plus simplement en tableau, mais en\u00a0<span class=\"a-text-bold\">texte coulant,<\/span>\u00a0qui rend la lecture beaucoup plus agr\u00e9able.<\/span><\/li>\n<li><span class=\"a-list-item\">Le format et la\u00a0<span class=\"a-text-bold\">dimension de la version papier a \u00e9t\u00e9 r\u00e9duite\u00a0<\/span>afin de rendre le livre facilement transportable, tel un livret de poche.<\/span><\/li>\n<li><span class=\"a-list-item\"><span class=\"a-list-item\">L\u2019ancienne version du livre sera d\u00e9sormais hors circulation.<\/span><\/span>Ce livre est un\u00a0<span class=\"a-text-bold\">dictionnaire des expressions usuelles\u00a0<\/span>en langue M\u0259\u0300d\u0289\u0302mb\u0251\u0300. Il contient\u00a0<span class=\"a-text-bold\">plus de 2000 expressions\u00a0<\/span>soigneusement choisis parmi les expressions les plus utilis\u00e9es dans les conversations de la vie quotidienne, dans la langue de M\u0259\u0300d\u0289\u0302mb\u0251\u0300. Il est tr\u00e8s bien organis\u00e9 en 32 chapitres comprenant tout ce dont vous avez besoin pour communiquer couramment dans la vie quotidienne.<\/li>\n<\/ul>\n<p><span class=\"a-text-bold\">L\u2019organisation du livre par th\u00e8mes<\/span>\u00a0rend son\u00a0<span class=\"a-text-bold\">contenu facilement accessible<\/span>. L&#8217;auteur vous recommande de tester son contenu avec des natifs, selon le contexte : Faire les pr\u00e9sentations, Salutations et accueil, Dire au revoir, Poser les questions, Amour, sentiments, romance, demander pardon, souhaits de f\u00eate, Compatir \u00e0 une douleur, manifester son indignation, utiliser des expressions d&#8217;\u00e9tonnement, demander l&#8217;\u00e9tat de sant\u00e9, communiquer \u00e0 table, poser des questions sur la culture gr\u00e2ce au vocabulaire culturel, etc.<\/p>\n<p>Bien qu\u2019il soit sp\u00e9cialement recommand\u00e9 aux d\u00e9butants de la langue et ceux du niveau interm\u00e9diaire, les personnes ayant d\u00e9j\u00e0 une bonne maitrise de la langue y trouveront aussi leur compte gr\u00e2ce aux n\u00e9ologismes qui s\u2019y trouvent. En effet, pour \u00e9viter des emprunts syst\u00e9matiques aux langues \u00e9trang\u00e8res, l\u2019auteur s\u2019est trouv\u00e9 oblig\u00e9 de formuler des nouveaux mots tr\u00e8s \u00e9l\u00e9gants qui rendent la conversation encore plus authentique.<\/p>\n<p>============================================================================================<br \/>\nThis book contains<span class=\"a-text-bold\">\u00a0over 2000 expressions<\/span>\u00a0carefully chosen from the most used expressions in everyday conversations, in M\u0259\u0300d\u0289\u0302mb\u0251\u0300 language. It is very well organized in 32 chapters including everything you need to communicate fluently in everyday life.<\/p>\n<p>Organizing the book by topic makes its content easily accessible. The author recommends that you test its content with native speakers, depending on the context: Introduce himself, Greet people, Say goodbye, Ask questions, Talk about love, feelings, romance, ask for forgiveness, Whish people happy feast, Empathize with other people\u2019s pain, show indignation, use expressions of astonishment, ask people how they are feeling, communicate at the table, ask questions about culture using cultural vocabulary, etc.<\/p>\n<p>Although it is especially recommended for beginners of the language and those at the intermediate level, people who already have a good command of the language will also be happy with the book, thanks to the neologisms there. Indeed, to avoid borrowing word from foreign languages, the author was forced to formulate new words and expressions which make the conversation even more authentic<\/p>\n<\/div>\n<\/div>\n<\/div>\n<\/div>\n<p>www.resulam.com<\/p>\n\n\t\t<\/div>\n\t<\/div>\n<\/div><\/div><\/div><div class=\"wpb_column vc_column_container vc_col-sm-6\"><div class=\"vc_column-inner\"><div class=\"wpb_wrapper\">\n\t<div class=\"wpb_text_column wpb_content_element\" >\n\t\t<div class=\"wpb_wrapper\">\n\t\t\t<h2>Product details<\/h2>\n<div id=\"detailBullets_feature_div\">\n<ul class=\"a-unordered-list a-nostyle a-vertical a-spacing-none detail-bullet-list\">\n<li><span class=\"a-list-item\"><span class=\"a-text-bold\">ASIN \u200f : \u200e\u00a0<\/span>B09VDQJ94Q<\/span><\/li>\n<li><span class=\"a-list-item\"><span class=\"a-text-bold\">Publisher \u200f : \u200e\u00a0<\/span>Independently published (March 7, 2022)<\/span><\/li>\n<li><span class=\"a-list-item\"><span class=\"a-text-bold\">Language \u200f : \u200e\u00a0<\/span>French<\/span><\/li>\n<li><span class=\"a-list-item\"><span class=\"a-text-bold\">Paperback \u200f : \u200e\u00a0<\/span>237 pages<\/span><\/li>\n<li><span class=\"a-list-item\"><span class=\"a-text-bold\">ISBN-13 \u200f : \u200e\u00a0<\/span>979-8428192421<\/span><\/li>\n<li><span class=\"a-list-item\"><span class=\"a-text-bold\">Item Weight \u200f : \u200e\u00a0<\/span>14.9 ounces<\/span><\/li>\n<li><span class=\"a-list-item\"><span class=\"a-text-bold\">Dimensions \u200f : \u200e\u00a0<\/span>6 x 0.54 x 9 inches<\/span><\/li>\n<\/ul>\n<\/div>\n<ul class=\"a-unordered-list a-nostyle a-vertical a-spacing-none detail-bullet-list\">\n<li><span class=\"a-list-item\"><span class=\"a-text-bold\">Best Sellers Rank:\u00a0<\/span>#7,260,909 in Books (<a href=\"https:\/\/www.amazon.com\/gp\/bestsellers\/books\/ref=pd_zg_ts_books\">See Top 100 in Books<\/a>)<\/span><\/li>\n<\/ul>\n<p>&nbsp;<\/p>\n\n\t\t<\/div>\n\t<\/div>\n<\/div><\/div><\/div><\/div>\n<\/section>","protected":false},"excerpt":{"rendered":"Guide de conversation Ce guide de conversation\u00a0trilingue fran\u00e7ais-anglais-\u00a0M\u0259\u0300d\u0289\u0302mb\u0251\u0300\u00a0(trilingual phrasebook en anglais) est une mise \u00e0 jour du livre du m\u00eame","protected":false},"featured_media":7399,"comment_status":"open","ping_status":"closed","template":"","meta":[],"product_cat":[73,82],"product_tag":[],"class_list":["post-7398","product","type-product","status-publish","has-post-thumbnail","hentry","product_cat-bamileke","product_cat-medumba"],"_links":{"self":[{"href":"https:\/\/resulam.com\/fr\/wp-json\/wp\/v2\/product\/7398","targetHints":{"allow":["GET"]}}],"collection":[{"href":"https:\/\/resulam.com\/fr\/wp-json\/wp\/v2\/product"}],"about":[{"href":"https:\/\/resulam.com\/fr\/wp-json\/wp\/v2\/types\/product"}],"replies":[{"embeddable":true,"href":"https:\/\/resulam.com\/fr\/wp-json\/wp\/v2\/comments?post=7398"}],"wp:featuredmedia":[{"embeddable":true,"href":"https:\/\/resulam.com\/fr\/wp-json\/wp\/v2\/media\/7399"}],"wp:attachment":[{"href":"https:\/\/resulam.com\/fr\/wp-json\/wp\/v2\/media?parent=7398"}],"wp:term":[{"taxonomy":"product_cat","embeddable":true,"href":"https:\/\/resulam.com\/fr\/wp-json\/wp\/v2\/product_cat?post=7398"},{"taxonomy":"product_tag","embeddable":true,"href":"https:\/\/resulam.com\/fr\/wp-json\/wp\/v2\/product_tag?post=7398"}],"curies":[{"name":"wp","href":"https:\/\/api.w.org\/{rel}","templated":true}]}}