{"id":7232,"date":"2022-09-27T02:00:14","date_gmt":"2022-09-27T02:00:14","guid":{"rendered":"https:\/\/resulam.com\/?post_type=product&#038;p=7232"},"modified":"2022-09-27T02:08:32","modified_gmt":"2022-09-27T02:08:32","slug":"guide-de-conversation-trilingue-wolof-francais-anglais-wolof-french-english-phrasebook-french-edition","status":"publish","type":"product","link":"https:\/\/resulam.com\/fr\/produit\/guide-de-conversation-trilingue-wolof-francais-anglais-wolof-french-english-phrasebook-french-edition\/","title":{"rendered":"Guide de conversation trilingue Wolof-Fran\u00e7ais-Anglais: Wolof-French-English Phrasebook (French Edition)"},"content":{"rendered":"<section class=\"wpb-content-wrapper\"><div class=\"vc_row wpb_row vc_row-fluid\"><div class=\"wpb_column vc_column_container vc_col-sm-6\"><div class=\"vc_column-inner\"><div class=\"wpb_wrapper\">\n\t<div class=\"wpb_text_column wpb_content_element\" >\n\t\t<div class=\"wpb_wrapper\">\n\t\t\t<h1 id=\"title\" class=\"a-spacing-none a-text-normal\"><span id=\"productTitle\" class=\"a-size-extra-large\">Guide de conversation<\/span><\/h1>\n<div id=\"bookDescription_feature_div\" class=\"celwidget\" data-feature-name=\"bookDescription\" data-csa-c-id=\"gmj1g9-l5x2fo-cua98t-zg8dvf\" data-cel-widget=\"bookDescription_feature_div\">\n<div class=\"a-expander-collapsed-height a-row a-expander-container a-spacing-base a-expander-partial-collapse-container\" data-a-expander-name=\"book_description_expander\" data-a-expander-collapsed-height=\"140\">\n<div class=\"a-expander-content a-expander-partial-collapse-content\" aria-expanded=\"false\">\n<div class=\"a-expander-content a-expander-partial-collapse-content a-expander-content-expanded\" aria-expanded=\"true\">\n<p><strong><span class=\"a-text-bold\">FRENCH<\/span><\/strong><br \/>\nCe livre est un dictionnaire des expressions usuelles en langue wolof. Il contient plus de 2000 expressions soigneusement choisies parmi les expressions les plus utilis\u00e9es dans les conversations de la vie quotidienne, dans la langue wolof. Il est tr\u00e8s bien organis\u00e9 en 32 chapitres comprenant tout ce dont vous avez besoin pour communiquer couramment dans la vie quotidienne. L\u2019organisation du livre par th\u00e8mes rend son contenu facilement accessible. Les auteurs vous recommandent de tester son contenu avec des natifs, selon le contexte : Faire les pr\u00e9sentations, Salutations et accueil, Dire au revoir, Poser les questions, Amour, sentiments, romance, demander pardon, souhaits de f\u00eate, Compatir \u00e0 une douleur, manifester son indignation, utiliser des expressions d&#8217;\u00e9tonnement, demander l&#8217;\u00e9tat de sant\u00e9, communiquer \u00e0 table, poser des questions sur la culture gr\u00e2ce au vocabulaire culturel, etc.<\/p>\n<p>Resulam est une Association \u00e0 but non lucratif 501(c)(3) qui op\u00e8re exclusivement \u00e0 des fins \u00e9ducatives et culturelles. Elle vise \u00e0 faire revivre et promouvoir les langues ancestrales africaines, gr\u00e2ce \u00e0 l&#8217;utilisation des nouvelles technologies de l&#8217;information. Consultez notre cha\u00eene YouTube pour b\u00e9n\u00e9ficier de nos vid\u00e9os et Google Play Store pour nos applications Android, Amazon pour nos multiples livres dans de nombreuses langues africaines.<\/p>\n<p><strong><span class=\"a-text-bold\">ENGLISH<\/span><\/strong><br \/>\nThis book contains<span class=\"a-text-bold\">\u00a0over 2000 expressions<\/span>\u00a0carefully chosen from the most used expressions in everyday conversations, in wolof language. It is very well organized in 32 chapters including everything you need to communicate fluently in everyday life. Organizing the book by topic makes its content easily accessible. The authors recommend that you test its content with native speakers, depending on the context: Introduce himself, Greet people, Say goodbye, Ask questions, Talk about love, feelings, romance, ask for forgiveness, Whish people happy feast, Empathize with other people\u2019s pain, show indignation, use expressions of astonishment, ask people how they are feeling, communicate at the table, ask questions about culture using cultural vocabulary, etc.<\/p>\n<p>Resulam is a 501(c)(3) non-profit corporation which operate exclusively for educational and cultural purposes. It aims to revive and promote ancestral languages and minority languages around the world, through the use of new information technologies. check our YouTube Channel to benefit from out Videos, and Google Play Store for our Android Aps, the Amazon for our multiple books in many African Languages.<\/p>\n<\/div>\n<\/div>\n<\/div>\n<\/div>\n<p>www.resulam.com<\/p>\n\n\t\t<\/div>\n\t<\/div>\n<\/div><\/div><\/div><div class=\"wpb_column vc_column_container vc_col-sm-6\"><div class=\"vc_column-inner\"><div class=\"wpb_wrapper\">\n\t<div class=\"wpb_text_column wpb_content_element\" >\n\t\t<div class=\"wpb_wrapper\">\n\t\t\t<h2>Product details<\/h2>\n<div id=\"detailBullets_feature_div\">\n<ul class=\"a-unordered-list a-nostyle a-vertical a-spacing-none detail-bullet-list\">\n<li><span class=\"a-list-item\"><span class=\"a-text-bold\">ASIN \u200f : \u200e\u00a0<\/span>B09MT5CH2K<\/span><\/li>\n<li><span class=\"a-list-item\"><span class=\"a-text-bold\">Publication date \u200f : \u200e\u00a0<\/span>November 30, 2021<\/span><\/li>\n<li><span class=\"a-list-item\"><span class=\"a-text-bold\">Language \u200f : \u200e\u00a0<\/span>French<\/span><\/li>\n<li><span class=\"a-list-item\"><span class=\"a-text-bold\">File size \u200f : \u200e\u00a0<\/span>6905 KB<\/span><\/li>\n<li><span class=\"a-list-item\"><span class=\"a-text-bold\">Simultaneous device usage \u200f : \u200e\u00a0<\/span>Unlimited<\/span><\/li>\n<li><span class=\"a-list-item\"><span class=\"a-text-bold\">Text-to-Speech \u200f : \u200e\u00a0<\/span>Not enabled<\/span><\/li>\n<li><span class=\"a-list-item\"><span class=\"a-text-bold\">Enhanced typesetting \u200f : \u200e\u00a0<\/span>Not Enabled<\/span><\/li>\n<li><span class=\"a-list-item\"><span class=\"a-text-bold\">Word Wise \u200f : \u200e\u00a0<\/span>Not Enabled<\/span><\/li>\n<li><span class=\"a-list-item\"><span class=\"a-text-bold\">Print length \u200f : \u200e\u00a0<\/span>230 pages<\/span><\/li>\n<li><span class=\"a-list-item\"><span class=\"a-text-bold\">Lending \u200f : \u200e\u00a0<\/span>Enabled<\/span><\/li>\n<\/ul>\n<\/div>\n<p>&nbsp;<\/p>\n\n\t\t<\/div>\n\t<\/div>\n<\/div><\/div><\/div><\/div>\n<\/section>","protected":false},"excerpt":{"rendered":"Guide de conversation FRENCH Ce livre est un dictionnaire des expressions usuelles en langue wolof. Il contient plus de 2000","protected":false},"featured_media":7233,"comment_status":"open","ping_status":"closed","template":"","meta":[],"product_cat":[88],"product_tag":[],"class_list":["post-7232","product","type-product","status-publish","has-post-thumbnail","hentry","product_cat-wolof"],"_links":{"self":[{"href":"https:\/\/resulam.com\/fr\/wp-json\/wp\/v2\/product\/7232","targetHints":{"allow":["GET"]}}],"collection":[{"href":"https:\/\/resulam.com\/fr\/wp-json\/wp\/v2\/product"}],"about":[{"href":"https:\/\/resulam.com\/fr\/wp-json\/wp\/v2\/types\/product"}],"replies":[{"embeddable":true,"href":"https:\/\/resulam.com\/fr\/wp-json\/wp\/v2\/comments?post=7232"}],"wp:featuredmedia":[{"embeddable":true,"href":"https:\/\/resulam.com\/fr\/wp-json\/wp\/v2\/media\/7233"}],"wp:attachment":[{"href":"https:\/\/resulam.com\/fr\/wp-json\/wp\/v2\/media?parent=7232"}],"wp:term":[{"taxonomy":"product_cat","embeddable":true,"href":"https:\/\/resulam.com\/fr\/wp-json\/wp\/v2\/product_cat?post=7232"},{"taxonomy":"product_tag","embeddable":true,"href":"https:\/\/resulam.com\/fr\/wp-json\/wp\/v2\/product_tag?post=7232"}],"curies":[{"name":"wp","href":"https:\/\/api.w.org\/{rel}","templated":true}]}}