{"id":7228,"date":"2022-09-27T01:20:42","date_gmt":"2022-09-27T01:20:42","guid":{"rendered":"https:\/\/resulam.com\/?post_type=product&#038;p=7228"},"modified":"2022-09-27T01:26:20","modified_gmt":"2022-09-27T01:26:20","slug":"mon-prenom-africain-mon-prenom-bamileke-pour-la-revalorisation-et-la-reintegration-des-anthroponymes-africains-french-edition","status":"publish","type":"product","link":"https:\/\/resulam.com\/fr\/produit\/mon-prenom-africain-mon-prenom-bamileke-pour-la-revalorisation-et-la-reintegration-des-anthroponymes-africains-french-edition\/","title":{"rendered":"Mon pr\u00e9nom africain, mon pr\u00e9nom bamil\u00e9k\u00e9: Pour la revalorisation et la r\u00e9int\u00e9gration des anthroponymes Africains (French Edition)"},"content":{"rendered":"<section class=\"wpb-content-wrapper\"><div class=\"vc_row wpb_row vc_row-fluid\"><div class=\"wpb_column vc_column_container vc_col-sm-6\"><div class=\"vc_column-inner\"><div class=\"wpb_wrapper\">\n\t<div class=\"wpb_text_column wpb_content_element\" >\n\t\t<div class=\"wpb_wrapper\">\n\t\t\t<h1 id=\"title\" class=\"a-spacing-none a-text-normal\"><span id=\"productTitle\" class=\"a-size-extra-large\">Mon pr\u00e9nom africain<\/span><\/h1>\n<div id=\"bookDescription_feature_div\" class=\"celwidget\" data-feature-name=\"bookDescription\" data-csa-c-id=\"gmj1g9-l5x2fo-cua98t-zg8dvf\" data-cel-widget=\"bookDescription_feature_div\">\n<div class=\"a-expander-collapsed-height a-row a-expander-container a-spacing-base a-expander-partial-collapse-container\" data-a-expander-name=\"book_description_expander\" data-a-expander-collapsed-height=\"140\">\n<div class=\"a-expander-content a-expander-partial-collapse-content\" aria-expanded=\"false\">\n<p>Ce livre est d\u00e9di\u00e9 aux nouveaux et aux futurs parents. C&#8217;est un guide qui vous servira de support pour le choix du nom ou pr\u00e9nom de nos futurs nouveau-n\u00e9s, afin de rompre le sort et se d\u00e9chainer du joug de l&#8217;esclavage. La premi\u00e8re d\u00e9livrance commence par l&#8217;appropriation culturelle, linguistique et onomastique.<\/p>\n<p>Des formules anthroponymiques y sont \u00e9tablies, ce qui vous serviront \u00e0 d\u00e9river le nom de vos futurs enfants dans votre propre langue maternelle. Des nouveaux noms et pr\u00e9noms ont \u00e9t\u00e9 forg\u00e9s de toute pi\u00e8ce en langue Bamil\u00e9k\u00e9 &#8211; f\u00e8&#8217;\u00e9f\u011b&#8217;\u00e8 (N\u00f9f\u012b), \u00e9crit gr\u00e2ce \u00e0 l&#8217;Alphabet General des Langues Camerounaises (AGLC), puis transcrit dans une orthographe \u00e0 caract\u00e8res romains, et enfin traduit en fran\u00e7ais pour vous permettre d&#8217;utiliser les m\u00eames principes de d\u00e9rivation dans votre langue maternelle.<\/p>\n<p>Comme bonus pour les natifs Bamil\u00e9k\u00e9s, bien que pas l&#8217;objectif de cet ouvrage, une explication de quelques noms bamil\u00e9k\u00e9s bien connus vous sera servi dans l&#8217;ouvrage.<\/p>\n<p><span class=\"a-text-bold\">Comment utiliser ce livre ?<\/span><br \/>\nCe livre est destin\u00e9 \u00e0 tous les africains soucieux de retourner \u00e0 leur authenticit\u00e9. Si vous avez acquis ce livre parce que vous \u00eates dans l&#8217;urgence de trouver un nom pour votre nouveau-n\u00e9, alors, nous vous conseillons vivement de sauter tous les chapitres et de vous rendre au\u00a0<u>chapitre 6<\/u>, o\u00f9 nous pr\u00e9sentons des jolis pr\u00e9noms pr\u00eats \u00e0 l&#8217;utilisation.<\/p>\n<p>Apr\u00e8s avoir fait le choix de votre pr\u00e9nom, revenez lire les chapitres dans l&#8217;ordre du livre, car ces chapitres vont vous \u00e9nergiser et vous renforcer dans votre d\u00e9termination \u00e0 vouloir donner un pr\u00e9nom original et authentique \u00e0 votre Nouvelle \u00c9toile, ou votre Nouveau Soleil.<\/p>\n<p>Au\u00a0<u>chapitre 1<\/u>\u00a0le probl\u00e8me \u00e0 r\u00e9soudre par rapport aux anthroponymes africains est pos\u00e9,<\/p>\n<p>Le\u00a0<u>chapitre 2<\/u>\u00a0pr\u00e9sente l&#8217;origine du d\u00e9sint\u00e9r\u00eat des africains pour les noms africains,<\/p>\n<p>Le\u00a0<u>chapitre 3<\/u>\u00a0renforce le chapitre 2 en pr\u00e9sentant les raisons de l&#8217;amour des pr\u00e9noms \u00e9trangers par les africains.<\/p>\n<p>Le\u00a0<u>chapitre 4<\/u>\u00a0pr\u00e9sente les types de noms en Afrique. On parlera des noms de circonstances, des noms-destins, des noms de reprises, des noms th\u00e9ophores, des noms \u00e9logieux et des noms glorieux. L&#8217;\u00e9tude a \u00e9t\u00e9 \u00e9tendue sur plusieurs ethnies Africaines : Les Malgaches avec le record des noms kilom\u00e9triques, les Igbos avec les noms d&#8217;enfants li\u00e9 aux quatre jours de la semaine, les Baoul\u00e9s, les Yorubas, les Bamil\u00e9k\u00e9s, etc.<\/p>\n<p>Le\u00a0<u>chapitre 5<\/u>\u00a0est d\u00e9di\u00e9 au pouvoir et \u00e0 l&#8217;influence du nom sur son porteur. Notamment les auteurs th\u00e9orisent le Nom comme la quatri\u00e8me dimension ontologique, \u00e0 c\u00f4t\u00e9 du Corps, de l&#8217;\u00c2me et de l&#8217;Esprit.<\/p>\n<p>Le\u00a0<u>chapitre 6<\/u>\u00a0pr\u00e9sente une liste d&#8217;environ 200 noms nouvellement cr\u00e9es o\u00f9 les parents pourront ais\u00e9ment puiser le nom de leur prog\u00e9niture. Bien que pas l&#8217;objectif de ce livre, le\u00a0<u>chapitre 7<\/u>\u00a0essaiera de donner la d\u00e9finition de quelques noms populaires bamil\u00e9k\u00e9s.<\/p>\n<p>Le\u00a0<u>chapitre 8<\/u>\u00a0recapitulera l&#8217;essentiel \u00e0 retenir sous forme de conclusion.<\/p>\n<\/div>\n<\/div>\n<\/div>\n<p>www.resulam.com<\/p>\n\n\t\t<\/div>\n\t<\/div>\n<\/div><\/div><\/div><div class=\"wpb_column vc_column_container vc_col-sm-6\"><div class=\"vc_column-inner\"><div class=\"wpb_wrapper\">\n\t<div class=\"wpb_text_column wpb_content_element\" >\n\t\t<div class=\"wpb_wrapper\">\n\t\t\t<h2>Product details<\/h2>\n<div id=\"detailBullets_feature_div\">\n<ul class=\"a-unordered-list a-nostyle a-vertical a-spacing-none detail-bullet-list\">\n<li><span class=\"a-list-item\"><span class=\"a-text-bold\">ASIN \u200f : \u200e\u00a0<\/span>B09KR6V6QV<\/span><\/li>\n<li><span class=\"a-list-item\"><span class=\"a-text-bold\">Publication date \u200f : \u200e\u00a0<\/span>October 31, 2021<\/span><\/li>\n<li><span class=\"a-list-item\"><span class=\"a-text-bold\">Language \u200f : \u200e\u00a0<\/span>French<\/span><\/li>\n<li><span class=\"a-list-item\"><span class=\"a-text-bold\">File size \u200f : \u200e\u00a0<\/span>7147 KB<\/span><\/li>\n<li><span class=\"a-list-item\"><span class=\"a-text-bold\">Text-to-Speech \u200f : \u200e\u00a0<\/span>Not enabled<\/span><\/li>\n<li><span class=\"a-list-item\"><span class=\"a-text-bold\">Enhanced typesetting \u200f : \u200e\u00a0<\/span>Not Enabled<\/span><\/li>\n<li><span class=\"a-list-item\"><span class=\"a-text-bold\">Word Wise \u200f : \u200e\u00a0<\/span>Not Enabled<\/span><\/li>\n<li><span class=\"a-list-item\"><span class=\"a-text-bold\">Print length \u200f : \u200e\u00a0<\/span>177 pages<\/span><\/li>\n<li><span class=\"a-list-item\"><span class=\"a-text-bold\">Lending \u200f : \u200e\u00a0<\/span>Enabled<\/span><\/li>\n<\/ul>\n<\/div>\n<ul class=\"a-unordered-list a-nostyle a-vertical a-spacing-none detail-bullet-list\">\n<li><span class=\"a-list-item\"><span class=\"a-text-bold\">Best Sellers Rank:\u00a0<\/span>#2,721,992 in Kindle Store (<a href=\"https:\/\/www.amazon.com\/gp\/bestsellers\/digital-text\/ref=pd_zg_ts_digital-text\">See Top 100 in Kindle Store<\/a>)<\/span>\n<ul class=\"a-unordered-list a-nostyle a-vertical zg_hrsr\">\n<li><span class=\"a-list-item\">#291 in\u00a0<a href=\"https:\/\/www.amazon.com\/gp\/bestsellers\/digital-text\/158195011\/ref=pd_zg_hrsr_digital-text\">African Language Instruction<\/a><\/span><\/li>\n<li><span class=\"a-list-item\">#821 in\u00a0<a href=\"https:\/\/www.amazon.com\/gp\/bestsellers\/digital-text\/8407479011\/ref=pd_zg_hrsr_digital-text\">Language, Linguistics &amp; Writing in French<\/a><\/span><\/li>\n<li><span class=\"a-list-item\">#1,352 in\u00a0<a href=\"https:\/\/www.amazon.com\/gp\/bestsellers\/digital-text\/157384011\/ref=pd_zg_hrsr_digital-text\">Multicultural Education Methods<\/a><\/span><\/li>\n<\/ul>\n<\/li>\n<\/ul>\n<p>&nbsp;<\/p>\n\n\t\t<\/div>\n\t<\/div>\n<\/div><\/div><\/div><\/div>\n<\/section>","protected":false},"excerpt":{"rendered":"Mon pr\u00e9nom africain Ce livre est d\u00e9di\u00e9 aux nouveaux et aux futurs parents. C'est un guide qui vous servira de","protected":false},"featured_media":7229,"comment_status":"open","ping_status":"closed","template":"","meta":[],"product_cat":[73],"product_tag":[],"class_list":["post-7228","product","type-product","status-publish","has-post-thumbnail","hentry","product_cat-bamileke"],"_links":{"self":[{"href":"https:\/\/resulam.com\/fr\/wp-json\/wp\/v2\/product\/7228","targetHints":{"allow":["GET"]}}],"collection":[{"href":"https:\/\/resulam.com\/fr\/wp-json\/wp\/v2\/product"}],"about":[{"href":"https:\/\/resulam.com\/fr\/wp-json\/wp\/v2\/types\/product"}],"replies":[{"embeddable":true,"href":"https:\/\/resulam.com\/fr\/wp-json\/wp\/v2\/comments?post=7228"}],"wp:featuredmedia":[{"embeddable":true,"href":"https:\/\/resulam.com\/fr\/wp-json\/wp\/v2\/media\/7229"}],"wp:attachment":[{"href":"https:\/\/resulam.com\/fr\/wp-json\/wp\/v2\/media?parent=7228"}],"wp:term":[{"taxonomy":"product_cat","embeddable":true,"href":"https:\/\/resulam.com\/fr\/wp-json\/wp\/v2\/product_cat?post=7228"},{"taxonomy":"product_tag","embeddable":true,"href":"https:\/\/resulam.com\/fr\/wp-json\/wp\/v2\/product_tag?post=7228"}],"curies":[{"name":"wp","href":"https:\/\/api.w.org\/{rel}","templated":true}]}}