{"id":7211,"date":"2022-09-27T00:34:26","date_gmt":"2022-09-27T00:34:26","guid":{"rendered":"https:\/\/resulam.com\/?post_type=product&#038;p=7211"},"modified":"2022-09-27T00:38:59","modified_gmt":"2022-09-27T00:38:59","slug":"la-fourmi-affamee-dioula-francais-dugum%c9%9bn%c9%9b-k%c9%94ng%c9%94t%c9%94-french-edition","status":"publish","type":"product","link":"https:\/\/resulam.com\/fr\/produit\/la-fourmi-affamee-dioula-francais-dugum%c9%9bn%c9%9b-k%c9%94ng%c9%94t%c9%94-french-edition\/","title":{"rendered":"La fourmi affam\u00e9e : Dioula-Fran\u00e7ais: Dugum\u025bn\u025b k\u0254ng\u0254t\u0254 (French Edition)"},"content":{"rendered":"<section class=\"wpb-content-wrapper\"><div class=\"vc_row wpb_row vc_row-fluid\"><div class=\"wpb_column vc_column_container vc_col-sm-6\"><div class=\"vc_column-inner\"><div class=\"wpb_wrapper\">\n\t<div class=\"wpb_text_column wpb_content_element\" >\n\t\t<div class=\"wpb_wrapper\">\n\t\t\t<h1 id=\"title\" class=\"a-spacing-none a-text-normal\"><span id=\"productTitle\" class=\"a-size-extra-large\">Fourmi affam\u00e9e<\/span><\/h1>\n<div id=\"bookDescription_feature_div\" class=\"celwidget\" data-feature-name=\"bookDescription\" data-csa-c-id=\"gmj1g9-l5x2fo-cua98t-zg8dvf\" data-cel-widget=\"bookDescription_feature_div\">\n<div class=\"a-expander-collapsed-height a-row a-expander-container a-spacing-base a-expander-partial-collapse-container\" data-a-expander-name=\"book_description_expander\" data-a-expander-collapsed-height=\"140\">\n<div class=\"a-expander-content a-expander-partial-collapse-content\" aria-expanded=\"false\">\n<p>Ceci est la\u00a0<span class=\"a-text-bold\">VERION DU LIVRE SANS AUDIO<\/span><br \/>\nTROUVEZ LA\u00a0<span class=\"a-text-bold\">VERSION AUDIO ET INTERACTIVE ICI<\/span>: https:\/\/amzn.to\/3IcNAOh]<\/p>\n<p>Dugum\u025bn\u025b k\u0254ng\u0254t\u0254 : La fourmi affam\u00e9e. Resulam (R\u00e9surrection des langues maternelles ancestrales) vous offre ce livre pour enfants en langue dioula, d\u00e9di\u00e9 aux enfants et aux d\u00e9butants en cette langue dioula. Le livre a \u00e9t\u00e9 initialement produit en langue f\u00e8&#8217;\u00e9f\u011b&#8217;\u00e8, encore appel\u00e9e n\u00f9f\u012b, une des langues bamil\u00e9k\u00e9s parl\u00e9es principalement \u00e0 l&#8217;Ouest du Cameroun. Dans cette histoire, une fourmi affam\u00e9e se prom\u00e8ne dans toute la for\u00eat \u00e0 la recherche des vivres pour nourrir ses petits. Malheureusement, aucun animal n&#8217;a piti\u00e9 d&#8217;elle. Au contraire, chacun \u00e0 son tour, l&#8217;envoie demander de la nourriture \u00e0 l&#8217;autre animal, ainsi de suite. La fourmi est trimball\u00e9e dans toute la for\u00eat, jusqu&#8217;\u00e0 ce que le li\u00e8vre, plus-sage-que-le-roi, surgisse et lui donne une solution tr\u00e8s pratique, solution qui nous aidera aussi nous humains, dans la vie courante. D\u00e9couvrez cette astuce dans ce livre&#8230;En plus de cette belle le\u00e7on de morale que vous d\u00e9couvrirez, ce livre vous permettra d&#8217;apprendre des noms d&#8217;animaux et de mets en langue dioula.<\/p>\n<\/div>\n<\/div>\n<\/div>\n<p>www.resulam.com<\/p>\n\n\t\t<\/div>\n\t<\/div>\n<\/div><\/div><\/div><div class=\"wpb_column vc_column_container vc_col-sm-6\"><div class=\"vc_column-inner\"><div class=\"wpb_wrapper\">\n\t<div class=\"wpb_text_column wpb_content_element\" >\n\t\t<div class=\"wpb_wrapper\">\n\t\t\t<ul class=\"a-unordered-list a-nostyle a-vertical a-spacing-none detail-bullet-list\">\n<li>\n<ul class=\"a-unordered-list a-nostyle a-vertical zg_hrsr\">\n<li>\n<h2>Product details<\/h2>\n<div id=\"detailBullets_feature_div\">\n<ul class=\"a-unordered-list a-nostyle a-vertical a-spacing-none detail-bullet-list\">\n<li><span class=\"a-list-item\"><span class=\"a-text-bold\">ASIN \u200f : \u200e\u00a0<\/span>B08RS5N6M5<\/span><\/li>\n<li><span class=\"a-list-item\"><span class=\"a-text-bold\">Publication date \u200f : \u200e\u00a0<\/span>December 30, 2020<\/span><\/li>\n<li><span class=\"a-list-item\"><span class=\"a-text-bold\">Language \u200f : \u200e\u00a0<\/span>French<\/span><\/li>\n<li><span class=\"a-list-item\"><span class=\"a-text-bold\">File size \u200f : \u200e\u00a0<\/span>21601 KB<\/span><\/li>\n<li><span class=\"a-list-item\"><span class=\"a-text-bold\">Simultaneous device usage \u200f : \u200e\u00a0<\/span>Unlimited<\/span><\/li>\n<li><span class=\"a-list-item\"><span class=\"a-text-bold\">Text-to-Speech \u200f : \u200e\u00a0<\/span>Not enabled<\/span><\/li>\n<li><span class=\"a-list-item\"><span class=\"a-text-bold\">Enhanced typesetting \u200f : \u200e\u00a0<\/span>Not Enabled<\/span><\/li>\n<li><span class=\"a-list-item\"><span class=\"a-text-bold\">Word Wise \u200f : \u200e\u00a0<\/span>Not Enabled<\/span><\/li>\n<li><span class=\"a-list-item\"><span class=\"a-text-bold\">Print length \u200f : \u200e\u00a0<\/span>66 pages<\/span><\/li>\n<li><span class=\"a-list-item\"><span class=\"a-text-bold\">Lending \u200f : \u200e\u00a0<\/span>Enabled<\/span><\/li>\n<\/ul>\n<\/div>\n<\/li>\n<\/ul>\n<\/li>\n<\/ul>\n\n\t\t<\/div>\n\t<\/div>\n<\/div><\/div><\/div><\/div>\n<\/section>","protected":false},"excerpt":{"rendered":"Fourmi affam\u00e9e Ceci est la\u00a0VERION DU LIVRE SANS AUDIO TROUVEZ LA\u00a0VERSION AUDIO ET INTERACTIVE ICI: https:\/\/amzn.to\/3IcNAOh] Dugum\u025bn\u025b k\u0254ng\u0254t\u0254 : La","protected":false},"featured_media":7212,"comment_status":"open","ping_status":"closed","template":"","meta":[],"product_cat":[89],"product_tag":[],"class_list":["post-7211","product","type-product","status-publish","has-post-thumbnail","hentry","product_cat-dioula"],"_links":{"self":[{"href":"https:\/\/resulam.com\/fr\/wp-json\/wp\/v2\/product\/7211","targetHints":{"allow":["GET"]}}],"collection":[{"href":"https:\/\/resulam.com\/fr\/wp-json\/wp\/v2\/product"}],"about":[{"href":"https:\/\/resulam.com\/fr\/wp-json\/wp\/v2\/types\/product"}],"replies":[{"embeddable":true,"href":"https:\/\/resulam.com\/fr\/wp-json\/wp\/v2\/comments?post=7211"}],"wp:featuredmedia":[{"embeddable":true,"href":"https:\/\/resulam.com\/fr\/wp-json\/wp\/v2\/media\/7212"}],"wp:attachment":[{"href":"https:\/\/resulam.com\/fr\/wp-json\/wp\/v2\/media?parent=7211"}],"wp:term":[{"taxonomy":"product_cat","embeddable":true,"href":"https:\/\/resulam.com\/fr\/wp-json\/wp\/v2\/product_cat?post=7211"},{"taxonomy":"product_tag","embeddable":true,"href":"https:\/\/resulam.com\/fr\/wp-json\/wp\/v2\/product_tag?post=7211"}],"curies":[{"name":"wp","href":"https:\/\/api.w.org\/{rel}","templated":true}]}}