{"id":7199,"date":"2022-09-26T23:55:52","date_gmt":"2022-09-26T23:55:52","guid":{"rendered":"https:\/\/resulam.com\/?post_type=product&#038;p=7199"},"modified":"2022-10-04T00:50:34","modified_gmt":"2022-10-04T00:50:34","slug":"expressions-idiomatiques-en-langue-feefee-nufi-french-edition","status":"publish","type":"product","link":"https:\/\/resulam.com\/fr\/produit\/expressions-idiomatiques-en-langue-feefee-nufi-french-edition\/","title":{"rendered":"Expressions idiomatiques en langue fe&#8217;efe&#8217;e (nufi) (French Edition)"},"content":{"rendered":"<section class=\"wpb-content-wrapper\"><div class=\"vc_row wpb_row vc_row-fluid\"><div class=\"wpb_column vc_column_container vc_col-sm-6\"><div class=\"vc_column-inner\"><div class=\"wpb_wrapper\">\n\t<div class=\"wpb_text_column wpb_content_element\" >\n\t\t<div class=\"wpb_wrapper\">\n\t\t\t<h1 id=\"title\" class=\"a-spacing-none a-text-normal\"><span id=\"productTitle\" class=\"a-size-extra-large\">Expressions idiomatiques<\/span><\/h1>\n<div id=\"bookDescription_feature_div\" class=\"celwidget\" data-feature-name=\"bookDescription\" data-csa-c-id=\"gmj1g9-l5x2fo-cua98t-zg8dvf\" data-cel-widget=\"bookDescription_feature_div\">\n<div class=\"a-expander-collapsed-height a-row a-expander-container a-spacing-base a-expander-partial-collapse-container\" data-a-expander-name=\"book_description_expander\" data-a-expander-collapsed-height=\"140\">\n<div class=\"a-expander-content a-expander-partial-collapse-content\" aria-expanded=\"false\">\n<p>Dans ma tendre enfance, j&#8217;\u00e9tais le plus souvent frustr\u00e9 de ne pas pouvoir comprendre les expressions qu&#8217;utilisaient mes a\u00een\u00e9s, mes parents et mes grands-parents, pourtant ils s&#8217;exprimaient en cette langue-l\u00e0 m\u00eame que je croyais pourtant bien parler. J&#8217;entendais souvent des expressions telles que po cohsi nsen i : on l&#8217;a bien mass\u00e9, comme pour dire qu&#8217;on l&#8217;a bien tabass\u00e9, et bien d&#8217;autres expressions que je ne peux pas \u00e9crire ici car Amazon n&#8217;accepte pas les caract\u00e8res sp\u00e9ciaux dans cette zone.Fort de ces frustrations auxquelles je faisais face, \u00e0 cause de l&#8217;incompr\u00e9hension de ces genres de tournure de langages, j&#8217;ai donc d\u00e9cid\u00e9 d&#8217;\u00e9crire ce livre d&#8217;expressions idiomatiques en langue fe&#8217;efe&#8217;e, le tout premier livre de cette nature. Il aidera les lecteurs qui certainement comme moi ont de la peine \u00e0 comprendre le sens m\u00e9taphorique d&#8217;une conversation. Cette premi\u00e8re version contient environ 500 expressions idiomatiques r\u00e9parties en deux chapitres. Le premier chapitre regroupe dans un tableau la liste de quelques expressions idiomatiques les plus rencontr\u00e9es dans la langue fe&#8217;efe&#8217;e (nufi), et un sous ensemble de ce tableau est utilis\u00e9 au chapitre deux pour formuler des conversations proches de celles que vous rencontreriez dans la vie courante. Ces conversations sont suivies d&#8217;une \u00e9valuation de votre compr\u00e9hension sous forme de quiz, questions \u00e0 choix multiples.<\/p>\n<\/div>\n<\/div>\n<\/div>\n<p>www.resulam.com<\/p>\n\n\t\t<\/div>\n\t<\/div>\n<\/div><\/div><\/div><div class=\"wpb_column vc_column_container vc_col-sm-6\"><div class=\"vc_column-inner\"><div class=\"wpb_wrapper\">\n\t<div class=\"wpb_text_column wpb_content_element\" >\n\t\t<div class=\"wpb_wrapper\">\n\t\t\t<h2>Product details<\/h2>\n<div id=\"detailBullets_feature_div\">\n<ul class=\"a-unordered-list a-nostyle a-vertical a-spacing-none detail-bullet-list\">\n<li><span class=\"a-list-item\"><span class=\"a-text-bold\">ASIN \u200f : \u200e\u00a0<\/span>B0B28591ZB<\/span><\/li>\n<li><span class=\"a-list-item\"><span class=\"a-text-bold\">Publication date \u200f : \u200e\u00a0<\/span>May 24, 2022<\/span><\/li>\n<li><span class=\"a-list-item\"><span class=\"a-text-bold\">Language \u200f : \u200e\u00a0<\/span>French<\/span><\/li>\n<li><span class=\"a-list-item\"><span class=\"a-text-bold\">File size \u200f : \u200e\u00a0<\/span>5300 KB<\/span><\/li>\n<li><span class=\"a-list-item\"><span class=\"a-text-bold\">Simultaneous device usage \u200f : \u200e\u00a0<\/span>Unlimited<\/span><\/li>\n<li><span class=\"a-list-item\"><span class=\"a-text-bold\">Text-to-Speech \u200f : \u200e\u00a0<\/span>Not enabled<\/span><\/li>\n<li><span class=\"a-list-item\"><span class=\"a-text-bold\">Enhanced typesetting \u200f : \u200e\u00a0<\/span>Not Enabled<\/span><\/li>\n<li><span class=\"a-list-item\"><span class=\"a-text-bold\">Word Wise \u200f : \u200e\u00a0<\/span>Not Enabled<\/span><\/li>\n<li><span class=\"a-list-item\"><span class=\"a-text-bold\">Print length \u200f : \u200e\u00a0<\/span>194 pages<\/span><\/li>\n<li><span class=\"a-list-item\"><span class=\"a-text-bold\">Lending \u200f : \u200e\u00a0<\/span>Enabled<\/span><\/li>\n<\/ul>\n<\/div>\n<ul class=\"a-unordered-list a-nostyle a-vertical a-spacing-none detail-bullet-list\">\n<li><span class=\"a-list-item\"><span class=\"a-text-bold\">Best Sellers Rank:\u00a0<\/span>#4,006,144 in Kindle Store (<a href=\"https:\/\/www.amazon.com\/gp\/bestsellers\/digital-text\/ref=pd_zg_ts_digital-text\">See Top 100 in Kindle Store<\/a>)<\/span>\n<ul class=\"a-unordered-list a-nostyle a-vertical zg_hrsr\">\n<li><span class=\"a-list-item\">#2,434 in\u00a0<a href=\"https:\/\/www.amazon.com\/gp\/bestsellers\/digital-text\/157381011\/ref=pd_zg_hrsr_digital-text\">Bilingual Education Methods<\/a><\/span><\/li>\n<li><span class=\"a-list-item\">#64,011 in\u00a0<a href=\"https:\/\/www.amazon.com\/gp\/bestsellers\/digital-text\/7735163011\/ref=pd_zg_hrsr_digital-text\">French eBooks<\/a><\/span><\/li>\n<li><span class=\"a-list-item\">#117,526 in\u00a0<a href=\"https:\/\/www.amazon.com\/gp\/bestsellers\/books\/69829\/ref=pd_zg_hrsr_books\">Education Theory (Books)<\/a><\/span><\/li>\n<\/ul>\n<\/li>\n<\/ul>\n\n\t\t<\/div>\n\t<\/div>\n<\/div><\/div><\/div><\/div>\n<\/section>","protected":false},"excerpt":{"rendered":"Expressions idiomatiques Dans ma tendre enfance, j'\u00e9tais le plus souvent frustr\u00e9 de ne pas pouvoir comprendre les expressions qu'utilisaient mes","protected":false},"featured_media":7200,"comment_status":"open","ping_status":"closed","template":"","meta":[],"product_cat":[73,72],"product_tag":[],"class_list":["post-7199","product","type-product","status-publish","has-post-thumbnail","hentry","product_cat-bamileke","product_cat-nufi"],"_links":{"self":[{"href":"https:\/\/resulam.com\/fr\/wp-json\/wp\/v2\/product\/7199","targetHints":{"allow":["GET"]}}],"collection":[{"href":"https:\/\/resulam.com\/fr\/wp-json\/wp\/v2\/product"}],"about":[{"href":"https:\/\/resulam.com\/fr\/wp-json\/wp\/v2\/types\/product"}],"replies":[{"embeddable":true,"href":"https:\/\/resulam.com\/fr\/wp-json\/wp\/v2\/comments?post=7199"}],"wp:featuredmedia":[{"embeddable":true,"href":"https:\/\/resulam.com\/fr\/wp-json\/wp\/v2\/media\/7200"}],"wp:attachment":[{"href":"https:\/\/resulam.com\/fr\/wp-json\/wp\/v2\/media?parent=7199"}],"wp:term":[{"taxonomy":"product_cat","embeddable":true,"href":"https:\/\/resulam.com\/fr\/wp-json\/wp\/v2\/product_cat?post=7199"},{"taxonomy":"product_tag","embeddable":true,"href":"https:\/\/resulam.com\/fr\/wp-json\/wp\/v2\/product_tag?post=7199"}],"curies":[{"name":"wp","href":"https:\/\/api.w.org\/{rel}","templated":true}]}}