{"id":7191,"date":"2022-09-26T23:33:04","date_gmt":"2022-09-26T23:33:04","guid":{"rendered":"https:\/\/resulam.com\/?post_type=product&#038;p=7191"},"modified":"2022-10-04T00:48:53","modified_gmt":"2022-10-04T00:48:53","slug":"conte-bamileke-medumba-travaille-aujourdhui-et-mange-demain-paresse-aujourdhui-et-vole-demain-medumba-francais-french-edition","status":"publish","type":"product","link":"https:\/\/resulam.com\/fr\/produit\/conte-bamileke-medumba-travaille-aujourdhui-et-mange-demain-paresse-aujourdhui-et-vole-demain-medumba-francais-french-edition\/","title":{"rendered":"Conte Bamileke -Medumba: \u00ab Travaille aujourd\u2019hui et mange demain, paresse aujourd\u2019hui et vole demain \u00bb.: Medumba-Francais (French Edition)"},"content":{"rendered":"<section class=\"wpb-content-wrapper\"><div class=\"vc_row wpb_row vc_row-fluid\"><div class=\"wpb_column vc_column_container vc_col-sm-6\"><div class=\"vc_column-inner\"><div class=\"wpb_wrapper\">\n\t<div class=\"wpb_text_column wpb_content_element\" >\n\t\t<div class=\"wpb_wrapper\">\n\t\t\t<h1 id=\"title\" class=\"a-spacing-none a-text-normal\"><span id=\"productTitle\" class=\"a-size-extra-large\">Conte Bamileke -Medumba<\/span><\/h1>\n<div id=\"bookDescription_feature_div\" class=\"celwidget\" data-feature-name=\"bookDescription\" data-csa-c-id=\"gmj1g9-l5x2fo-cua98t-zg8dvf\" data-cel-widget=\"bookDescription_feature_div\">\n<div class=\"a-expander-collapsed-height a-row a-expander-container a-spacing-base a-expander-partial-collapse-container\" data-a-expander-name=\"book_description_expander\" data-a-expander-collapsed-height=\"140\">\n<div class=\"a-expander-content a-expander-partial-collapse-content\" aria-expanded=\"false\">\n<p><span class=\"a-text-bold\">Mafentu b\u00f4 Ndiagbin na\u0302\u2019 mb\u0259 \u0251\u0302 ngo\u030cnm\u0251.* :<\/span>\u00a0Mafentu et Ndiagbin \u00e9taient des s\u0153urs.<\/p>\n<p><span class=\"a-text-bold\">*A\u0300 b\u0259\u0302 t\u00e0\u2019 le\u2019nj\u0289 nt\u0289\u0302m \u014bw\u0289\u0302 Njw\u00ecdcu, bo n\u025b\u0302n cw\u025b\u030cd yw\u01d0d ng\u0259\u0300f\u0259l\u0259.* :<\/span>\u00a0Elles all\u00e8rent un jour au champ, au mois de Mars, pour semer le ma\u00efs.<\/p>\n<p><span class=\"a-text-bold\">*Ndiagbin yw\u00eed ng\u0254\u0302n\u0251\u0300 b\u0251h\u0251, mbol\u0259, ntsw\u0259nsi.* :<\/span>\u00a0Ndiagbin sema sur deux billons, se fatigua et s\u2019assit.<\/p>\n<p><span class=\"a-text-bold\">*Mafentu nk\u0259 nk\u00e2gt\u0289\u030cn n\u0259\u0300 yw\u01d0d ng\u0259\u0300f\u0259\u0302l i\u0300.* :\u00a0<\/span>Mafentu s\u2019effor\u00e7a et continua \u00e0 semer son ma\u00efs.<\/p>\n<p><span class=\"a-text-bold\">*A yw\u00eed ngwa\u030cn\u0251\u0300 t\u0251\u0302n nd\u0289\u0300 mb\u0251\u0300z\u00eed lo gh\u0289\u030c ng\u0254\u0302n\u0251\u030c \u014bammb\u0251h\u0251, y\u0259nn\u0251 nk\u0259 mba\u0302gt\u0259 \u0251\u0302 mb\u0259\u0300 a yw\u01d0d ng\u0259\u0300f\u0259d ng\u0254\u0302n\u0251\u0300 nk\u0289\u0300.*\u00a0<\/span>: Elle sema cinq rang\u00e9es contenant chacune vingt billons, c\u2019est-\u00e0-dire qu\u2019elle sema le ma\u00efs sur cent billons.<\/p>\n<p>*<span class=\"a-text-bold\">A mi\u0251\u0302gt\u0259\u0300 ns\u0259\u0302\u2019 nt\u03b5d nc\u0289\u0251\u0300mbw\u0259\u0302 i\u030c Ndiagbin nd\u0289\u0300 a tsw\u0259nsi d\u0289\u030c\u2019 z\u0259\u0300 \u00e0 f\u0259\u0300 mfa\u014b i l\u0251. A nk\u0259 nc\u00e2m mb\u00e0.* :\u00a0<\/span>Elle finit et vint retrouver son a\u00een\u00e9e Ndiagbin assise \u00e0 l\u2019endroit o\u00f9 elle l\u2019avait laiss\u00e9e. Elle concassait ses palmistes.<\/p>\n<p><span class=\"a-text-bold\">*A co\u0302b ng\u00f2n m\u0251\u0302 \u0251\u0300b nd\u0289\u0302 : \u00ab Nz\u0259\u0300 \u0251\u030cm Ndiagbin, b\u0259\u0300 k\u0259 b\u025b\u0300n ke ? \u00bb* :\u00a0<\/span>Elle dit \u00e0 sa s\u0153ur : \u00ab Ma grande s\u0153ur Ndiagbin , \u00e7a te dirait qu\u2019on rentre ? \u00bb<\/p>\n<p><span class=\"a-text-bold\">*Nc\u0289\u0251\u0300mbw\u0259\u0302 i\u030c b\u0289\u0302nt\u0259\u0302 yi nd\u0289\u0302 : \u00ab \u00e0 b\u0259 k\u0259\u0300 bid , m\u0259\u0300 k\u0259\u0300 co\u2019 ku\u0300 \u03b1m ns\u0259\u030cnn\u00ee. \u00bb* :\u00a0<\/span>Sa grande s\u0153ur lui r\u00e9pondit : \u00ab Tant que \u00e7a ne germe pas, je ne bougerai pas \u00bb.<\/p>\n<p>La suite dans le livre<\/p>\n<\/div>\n<\/div>\n<\/div>\n<p>www.resulam.com<\/p>\n\n\t\t<\/div>\n\t<\/div>\n<\/div><\/div><\/div><div class=\"wpb_column vc_column_container vc_col-sm-6\"><div class=\"vc_column-inner\"><div class=\"wpb_wrapper\">\n\t<div class=\"wpb_text_column wpb_content_element\" >\n\t\t<div class=\"wpb_wrapper\">\n\t\t\t<h2>Product details<\/h2>\n<div id=\"detailBullets_feature_div\">\n<ul class=\"a-unordered-list a-nostyle a-vertical a-spacing-none detail-bullet-list\">\n<li><span class=\"a-list-item\"><span class=\"a-text-bold\">ASIN \u200f : \u200e\u00a0<\/span>B09HYTFPW8<\/span><\/li>\n<li><span class=\"a-list-item\"><span class=\"a-text-bold\">Publication date \u200f : \u200e\u00a0<\/span>October 6, 2021<\/span><\/li>\n<li><span class=\"a-list-item\"><span class=\"a-text-bold\">Language \u200f : \u200e\u00a0<\/span>French<\/span><\/li>\n<li><span class=\"a-list-item\"><span class=\"a-text-bold\">File size \u200f : \u200e\u00a0<\/span>6550 KB<\/span><\/li>\n<li><span class=\"a-list-item\"><span class=\"a-text-bold\">Simultaneous device usage \u200f : \u200e\u00a0<\/span>Unlimited<\/span><\/li>\n<li><span class=\"a-list-item\"><span class=\"a-text-bold\">Text-to-Speech \u200f : \u200e\u00a0<\/span>Not enabled<\/span><\/li>\n<li><span class=\"a-list-item\"><span class=\"a-text-bold\">Enhanced typesetting \u200f : \u200e\u00a0<\/span>Not Enabled<\/span><\/li>\n<li><span class=\"a-list-item\"><span class=\"a-text-bold\">Word Wise \u200f : \u200e\u00a0<\/span>Not Enabled<\/span><\/li>\n<li><span class=\"a-list-item\"><span class=\"a-text-bold\">Print length \u200f : \u200e\u00a0<\/span>39 pages<\/span><\/li>\n<li><span class=\"a-list-item\"><span class=\"a-text-bold\">Lending \u200f : \u200e\u00a0<\/span>Enabled<\/span><\/li>\n<\/ul>\n<\/div>\n\n\t\t<\/div>\n\t<\/div>\n<\/div><\/div><\/div><\/div>\n<\/section>","protected":false},"excerpt":{"rendered":"Conte Bamileke -Medumba Mafentu b\u00f4 Ndiagbin na\u0302\u2019 mb\u0259 \u0251\u0302 ngo\u030cnm\u0251.* :\u00a0Mafentu et Ndiagbin \u00e9taient des s\u0153urs. *A\u0300 b\u0259\u0302 t\u00e0\u2019 le\u2019nj\u0289","protected":false},"featured_media":7192,"comment_status":"open","ping_status":"closed","template":"","meta":[],"product_cat":[73,82],"product_tag":[],"class_list":["post-7191","product","type-product","status-publish","has-post-thumbnail","hentry","product_cat-bamileke","product_cat-medumba"],"_links":{"self":[{"href":"https:\/\/resulam.com\/fr\/wp-json\/wp\/v2\/product\/7191","targetHints":{"allow":["GET"]}}],"collection":[{"href":"https:\/\/resulam.com\/fr\/wp-json\/wp\/v2\/product"}],"about":[{"href":"https:\/\/resulam.com\/fr\/wp-json\/wp\/v2\/types\/product"}],"replies":[{"embeddable":true,"href":"https:\/\/resulam.com\/fr\/wp-json\/wp\/v2\/comments?post=7191"}],"wp:featuredmedia":[{"embeddable":true,"href":"https:\/\/resulam.com\/fr\/wp-json\/wp\/v2\/media\/7192"}],"wp:attachment":[{"href":"https:\/\/resulam.com\/fr\/wp-json\/wp\/v2\/media?parent=7191"}],"wp:term":[{"taxonomy":"product_cat","embeddable":true,"href":"https:\/\/resulam.com\/fr\/wp-json\/wp\/v2\/product_cat?post=7191"},{"taxonomy":"product_tag","embeddable":true,"href":"https:\/\/resulam.com\/fr\/wp-json\/wp\/v2\/product_tag?post=7191"}],"curies":[{"name":"wp","href":"https:\/\/api.w.org\/{rel}","templated":true}]}}