{"id":7180,"date":"2022-09-26T23:01:29","date_gmt":"2022-09-26T23:01:29","guid":{"rendered":"https:\/\/resulam.com\/?post_type=product&#038;p=7180"},"modified":"2022-10-04T01:07:00","modified_gmt":"2022-10-04T01:07:00","slug":"conversations-de-base-en-langue-ngemba-french-edition","status":"publish","type":"product","link":"https:\/\/resulam.com\/fr\/produit\/conversations-de-base-en-langue-ngemba-french-edition\/","title":{"rendered":"Conversations de base en langue ngemba (French Edition)"},"content":{"rendered":"<section class=\"wpb-content-wrapper\"><div class=\"vc_row wpb_row vc_row-fluid\"><div class=\"wpb_column vc_column_container vc_col-sm-6\"><div class=\"vc_column-inner\"><div class=\"wpb_wrapper\">\n\t<div class=\"wpb_text_column wpb_content_element\" >\n\t\t<div class=\"wpb_wrapper\">\n\t\t\t<h1 id=\"title\" class=\"a-spacing-none a-text-normal\"><span id=\"productTitle\" class=\"a-size-extra-large\">Conversation de base<\/span><\/h1>\n<div id=\"bookDescription_feature_div\" class=\"celwidget\" data-feature-name=\"bookDescription\" data-csa-c-id=\"gmj1g9-l5x2fo-cua98t-zg8dvf\" data-cel-widget=\"bookDescription_feature_div\">\n<div class=\"a-expander-collapsed-height a-row a-expander-container a-spacing-base a-expander-partial-collapse-container\" data-a-expander-name=\"book_description_expander\" data-a-expander-collapsed-height=\"140\">\n<div class=\"a-expander-content a-expander-partial-collapse-content\" aria-expanded=\"false\">\n<p>Ce livre de conversation de base est soigneusement organis\u00e9 en 58 chapitres comprenant les conversations \u00e9l\u00e9mentaires n\u00e9cessaires pour d\u00e9marrer une conversation en langue ngemba. Dans cette premi\u00e8re version, les conversations sont \u00e9crites en langue ngemba en utilisant l\u2019Alphabet General des Langues Camerounaises (AGLC), puis traduites en fran\u00e7ais. A la fin de certains chapitres, vous retrouverez des remarques et points culturels qui vous permettront de vous familiariser avec la culture bamileke. Ce livre sera accompagn\u00e9 dans un futur proche par une bande audio, ce qui permettra \u00e0 l\u2019utilisateur ayant des difficult\u00e9s \u00e0 d\u00e9chiffrer l\u2019alphabet camerounais, d\u2019\u00e9couter la prononciation authentique des expressions par des natifs ngemba.<\/p>\n<\/div>\n<\/div>\n<\/div>\n<p>www.resulam.com<\/p>\n\n\t\t<\/div>\n\t<\/div>\n<\/div><\/div><\/div><div class=\"wpb_column vc_column_container vc_col-sm-6\"><div class=\"vc_column-inner\"><div class=\"wpb_wrapper\">\n\t<div class=\"wpb_text_column wpb_content_element\" >\n\t\t<div class=\"wpb_wrapper\">\n\t\t\t<h2>Product details<\/h2>\n<div id=\"detailBullets_feature_div\">\n<ul class=\"a-unordered-list a-nostyle a-vertical a-spacing-none detail-bullet-list\">\n<li><span class=\"a-list-item\"><span class=\"a-text-bold\">ASIN \u200f : \u200e\u00a0<\/span>B08PTXGVMF<\/span><\/li>\n<li><span class=\"a-list-item\"><span class=\"a-text-bold\">Publication date \u200f : \u200e\u00a0<\/span>December 6, 2020<\/span><\/li>\n<li><span class=\"a-list-item\"><span class=\"a-text-bold\">Language \u200f : \u200e\u00a0<\/span>French<\/span><\/li>\n<li><span class=\"a-list-item\"><span class=\"a-text-bold\">File size \u200f : \u200e\u00a0<\/span>11953 KB<\/span><\/li>\n<li><span class=\"a-list-item\"><span class=\"a-text-bold\">Simultaneous device usage \u200f : \u200e\u00a0<\/span>Unlimited<\/span><\/li>\n<li><span class=\"a-list-item\"><span class=\"a-text-bold\">Text-to-Speech \u200f : \u200e\u00a0<\/span>Not enabled<\/span><\/li>\n<li><span class=\"a-list-item\"><span class=\"a-text-bold\">Enhanced typesetting \u200f : \u200e\u00a0<\/span>Not Enabled<\/span><\/li>\n<li><span class=\"a-list-item\"><span class=\"a-text-bold\">Word Wise \u200f : \u200e\u00a0<\/span>Not Enabled<\/span><\/li>\n<li><span class=\"a-list-item\"><span class=\"a-text-bold\">Print length \u200f : \u200e\u00a0<\/span>96 pages<\/span><\/li>\n<li><span class=\"a-list-item\"><span class=\"a-text-bold\">Lending \u200f : \u200e\u00a0<\/span>Enabled<\/span><\/li>\n<\/ul>\n<\/div>\n<ul class=\"a-unordered-list a-nostyle a-vertical a-spacing-none detail-bullet-list\">\n<li><span class=\"a-list-item\"><span class=\"a-text-bold\">Best Sellers Rank:\u00a0<\/span>#3,888,335 in Kindle Store (<a href=\"https:\/\/www.amazon.com\/gp\/bestsellers\/digital-text\/ref=pd_zg_ts_digital-text\">See Top 100 in Kindle Store<\/a>)<\/span>\n<ul class=\"a-unordered-list a-nostyle a-vertical zg_hrsr\">\n<li><span class=\"a-list-item\">#511 in\u00a0<a href=\"https:\/\/www.amazon.com\/gp\/bestsellers\/digital-text\/158195011\/ref=pd_zg_hrsr_digital-text\">African Language Instruction<\/a><\/span><\/li>\n<li><span class=\"a-list-item\">#1,625 in\u00a0<a href=\"https:\/\/www.amazon.com\/gp\/bestsellers\/digital-text\/8407479011\/ref=pd_zg_hrsr_digital-text\">Language, Linguistics &amp; Writing in French<\/a><\/span><\/li>\n<\/ul>\n<\/li>\n<\/ul>\n<p>&nbsp;<\/p>\n<p>&nbsp;<\/p>\n\n\t\t<\/div>\n\t<\/div>\n<\/div><\/div><\/div><\/div>\n<\/section>","protected":false},"excerpt":{"rendered":"Conversation de base Ce livre de conversation de base est soigneusement organis\u00e9 en 58 chapitres comprenant les conversations \u00e9l\u00e9mentaires n\u00e9cessaires","protected":false},"featured_media":7181,"comment_status":"open","ping_status":"closed","template":"","meta":[],"product_cat":[73,85],"product_tag":[],"class_list":["post-7180","product","type-product","status-publish","has-post-thumbnail","hentry","product_cat-bamileke","product_cat-ngemba"],"_links":{"self":[{"href":"https:\/\/resulam.com\/fr\/wp-json\/wp\/v2\/product\/7180","targetHints":{"allow":["GET"]}}],"collection":[{"href":"https:\/\/resulam.com\/fr\/wp-json\/wp\/v2\/product"}],"about":[{"href":"https:\/\/resulam.com\/fr\/wp-json\/wp\/v2\/types\/product"}],"replies":[{"embeddable":true,"href":"https:\/\/resulam.com\/fr\/wp-json\/wp\/v2\/comments?post=7180"}],"wp:featuredmedia":[{"embeddable":true,"href":"https:\/\/resulam.com\/fr\/wp-json\/wp\/v2\/media\/7181"}],"wp:attachment":[{"href":"https:\/\/resulam.com\/fr\/wp-json\/wp\/v2\/media?parent=7180"}],"wp:term":[{"taxonomy":"product_cat","embeddable":true,"href":"https:\/\/resulam.com\/fr\/wp-json\/wp\/v2\/product_cat?post=7180"},{"taxonomy":"product_tag","embeddable":true,"href":"https:\/\/resulam.com\/fr\/wp-json\/wp\/v2\/product_tag?post=7180"}],"curies":[{"name":"wp","href":"https:\/\/api.w.org\/{rel}","templated":true}]}}