{"id":7166,"date":"2022-09-26T22:10:50","date_gmt":"2022-09-26T22:10:50","guid":{"rendered":"https:\/\/resulam.com\/?post_type=product&#038;p=7166"},"modified":"2022-10-04T00:51:09","modified_gmt":"2022-10-04T00:51:09","slug":"la-grammaire-des-langues-bamilekes-cas-du-nufi-french-edition","status":"publish","type":"product","link":"https:\/\/resulam.com\/fr\/produit\/la-grammaire-des-langues-bamilekes-cas-du-nufi-french-edition\/","title":{"rendered":"La grammaire des langues bamilekes : cas du nufi (French Edition)"},"content":{"rendered":"<section class=\"wpb-content-wrapper\"><div class=\"vc_row wpb_row vc_row-fluid\"><div class=\"wpb_column vc_column_container vc_col-sm-6\"><div class=\"vc_column-inner\"><div class=\"wpb_wrapper\">\n\t<div class=\"wpb_text_column wpb_content_element\" >\n\t\t<div class=\"wpb_wrapper\">\n\t\t\t<h1 id=\"title\" class=\"a-spacing-none a-text-normal\"><span id=\"productTitle\" class=\"a-size-extra-large\">La grammaire des langues bamil\u00e9k\u00e9<\/span><\/h1>\n<div id=\"bookDescription_feature_div\" class=\"celwidget\" data-feature-name=\"bookDescription\" data-csa-c-id=\"gmj1g9-l5x2fo-cua98t-zg8dvf\" data-cel-widget=\"bookDescription_feature_div\">\n<div class=\"a-expander-collapsed-height a-row a-expander-container a-spacing-base a-expander-partial-collapse-container\" data-a-expander-name=\"book_description_expander\" data-a-expander-collapsed-height=\"140\">\n<div class=\"a-expander-content a-expander-partial-collapse-content\" aria-expanded=\"false\">\n<p>Dans cette nouvelle \u00e9dition, plusieurs corrections ont \u00e9t\u00e9 apport\u00e9es afin de mieux stabiliser quelques notions qui \u00e9taient un peu flottantes dans l&#8217;\u00e9dition pr\u00e9c\u00e9dente. Comme corrections majeures, on peut citer la formation du pass\u00e9 d\u2019hier\u00a0<span class=\"a-text-bold\">(k\u0251\u0300\u2026)<\/span>\u00a0et du pass\u00e9 de plus d\u2019un jour\u00a0<span class=\"a-text-bold\">(l\u0251\u0300\u2026)<\/span>, le choix de la consonne \u00e9penth\u00e9tique lors de la formation de la possession a \u00e9t\u00e9 bien plus stabilis\u00e9e que dans l&#8217;ancienne version, le pluriel des mots par changement de ton a \u00e9t\u00e9 ajout\u00e9, et plusieurs autres corrections typographiques ont \u00e9t\u00e9 apport\u00e9es.<\/p>\n<\/div>\n<\/div>\n<\/div>\n<p>www.resulam.com<\/p>\n\n\t\t<\/div>\n\t<\/div>\n<\/div><\/div><\/div><div class=\"wpb_column vc_column_container vc_col-sm-6\"><div class=\"vc_column-inner\"><div class=\"wpb_wrapper\">\n\t<div class=\"wpb_text_column wpb_content_element\" >\n\t\t<div class=\"wpb_wrapper\">\n\t\t\t<h2>Product details<\/h2>\n<div id=\"detailBullets_feature_div\">\n<ul class=\"a-unordered-list a-nostyle a-vertical a-spacing-none detail-bullet-list\">\n<li><span class=\"a-list-item\"><span class=\"a-text-bold\">Publisher \u200f : \u200e\u00a0<\/span>CreateSpace Independent Publishing Platform (June 23, 2015)<\/span><\/li>\n<li><span class=\"a-list-item\"><span class=\"a-text-bold\">Language \u200f : \u200e\u00a0<\/span>French<\/span><\/li>\n<li><span class=\"a-list-item\"><span class=\"a-text-bold\">Paperback \u200f : \u200e\u00a0<\/span>326 pages<\/span><\/li>\n<li><span class=\"a-list-item\"><span class=\"a-text-bold\">ISBN-10 \u200f : \u200e\u00a0<\/span>1511920408<\/span><\/li>\n<li><span class=\"a-list-item\"><span class=\"a-text-bold\">ISBN-13 \u200f : \u200e\u00a0<\/span>978-1511920407<\/span><\/li>\n<li><span class=\"a-list-item\"><span class=\"a-text-bold\">Item Weight \u200f : \u200e\u00a0<\/span>1.65 pounds<\/span><\/li>\n<li><span class=\"a-list-item\"><span class=\"a-text-bold\">Dimensions \u200f : \u200e\u00a0<\/span>8.5 x 0.74 x 11 inches<\/span><\/li>\n<\/ul>\n<\/div>\n<ul class=\"a-unordered-list a-nostyle a-vertical a-spacing-none detail-bullet-list\">\n<li><span class=\"a-list-item\"><span class=\"a-text-bold\">Best Sellers Rank:\u00a0<\/span>#2,405,946 in Books (<a href=\"https:\/\/www.amazon.com\/gp\/bestsellers\/books\/ref=pd_zg_ts_books\">See Top 100 in Books<\/a>)<\/span>\n<ul class=\"a-unordered-list a-nostyle a-vertical zg_hrsr\">\n<li><span class=\"a-list-item\">#6,327 in\u00a0<a href=\"https:\/\/www.amazon.com\/gp\/bestsellers\/books\/11986\/ref=pd_zg_hrsr_books\">Linguistics Reference<\/a><\/span><\/li>\n<\/ul>\n<\/li>\n<\/ul>\n<p>&nbsp;<\/p>\n\n\t\t<\/div>\n\t<\/div>\n<\/div><\/div><\/div><\/div>\n<\/section>","protected":false},"excerpt":{"rendered":"La grammaire des langues bamil\u00e9k\u00e9 Dans cette nouvelle \u00e9dition, plusieurs corrections ont \u00e9t\u00e9 apport\u00e9es afin de mieux stabiliser quelques notions","protected":false},"featured_media":7167,"comment_status":"open","ping_status":"closed","template":"","meta":[],"product_cat":[73,72],"product_tag":[],"class_list":["post-7166","product","type-product","status-publish","has-post-thumbnail","hentry","product_cat-bamileke","product_cat-nufi"],"_links":{"self":[{"href":"https:\/\/resulam.com\/fr\/wp-json\/wp\/v2\/product\/7166","targetHints":{"allow":["GET"]}}],"collection":[{"href":"https:\/\/resulam.com\/fr\/wp-json\/wp\/v2\/product"}],"about":[{"href":"https:\/\/resulam.com\/fr\/wp-json\/wp\/v2\/types\/product"}],"replies":[{"embeddable":true,"href":"https:\/\/resulam.com\/fr\/wp-json\/wp\/v2\/comments?post=7166"}],"wp:featuredmedia":[{"embeddable":true,"href":"https:\/\/resulam.com\/fr\/wp-json\/wp\/v2\/media\/7167"}],"wp:attachment":[{"href":"https:\/\/resulam.com\/fr\/wp-json\/wp\/v2\/media?parent=7166"}],"wp:term":[{"taxonomy":"product_cat","embeddable":true,"href":"https:\/\/resulam.com\/fr\/wp-json\/wp\/v2\/product_cat?post=7166"},{"taxonomy":"product_tag","embeddable":true,"href":"https:\/\/resulam.com\/fr\/wp-json\/wp\/v2\/product_tag?post=7166"}],"curies":[{"name":"wp","href":"https:\/\/api.w.org\/{rel}","templated":true}]}}