{"id":7056,"date":"2022-09-24T13:51:11","date_gmt":"2022-09-24T13:51:11","guid":{"rendered":"https:\/\/resulam.com\/?post_type=product&#038;p=7056"},"modified":"2022-09-24T15:56:04","modified_gmt":"2022-09-24T15:56:04","slug":"syllabaire-et-dictionnaire-visuel-en-langue-ewondo-french-edition","status":"publish","type":"product","link":"https:\/\/resulam.com\/fr\/produit\/syllabaire-et-dictionnaire-visuel-en-langue-ewondo-french-edition\/","title":{"rendered":"Syllabaire et dictionnaire visuel en langue ewondo (French Edition)"},"content":{"rendered":"<section class=\"wpb-content-wrapper\"><div class=\"vc_row wpb_row vc_row-fluid\"><div class=\"wpb_column vc_column_container vc_col-sm-6\"><div class=\"vc_column-inner\"><div class=\"wpb_wrapper\">\n\t<div class=\"wpb_text_column wpb_content_element\" >\n\t\t<div class=\"wpb_wrapper\">\n\t\t\t<h2 id=\"title\" class=\"a-spacing-none a-text-normal\">Syllabaire et dictionnaire visuel en langue ewondo<\/h2>\n<p>Dans ce livre, vous apprendrez \u00e0 lire l\u2019alphabet g\u00e9n\u00e9ral des langues camerounaises, les syllabes, les mots, puis quelques expressions \u00e9l\u00e9mentaires en langue ewondo. Par la suite vous apprendrez le vocabulaire de base de cette langue de mani\u00e8re visuelle, ce qui rend l\u2019apprentissage ludique.Table des matieres:Consonnes de l\u2019alphabet ewondoVoyelles de l\u2019alphabet ewondoN\u0300l\u00f3 1. N\u0300l\u00e1\u014b\u00e1n : a.N\u0300l\u00f3 2. N\u0300l\u00e1\u014b\u00e1n : a, \u0251N\u0300l\u00f3 3. N\u0300l\u00e1\u014b\u00e1n : eN\u0300l\u00f3 4. N\u0300l\u00e1\u014b\u00e1n : \u0259N\u0300l\u00f3 5. N\u0300l\u00e1\u014b\u00e1n: Nd\u00e1: La maisonN\u0300l\u00f3 6. N\u0300l\u00e1\u014b\u00e1n: Nd\u00e1 b\u00f2d: La familleN\u0300l\u00f3 7. N\u0300l\u00e1\u014b\u00e1n: Nd\u00e1 b\u00f2d (2): La famille (2).N\u0300l\u00f3 8. B\u00ecdz\u00f2 b\u00ed ny\u0254\u0301l: Les parties du corpsN\u0300l\u00f3 9. B\u00ecdz\u00f2 b\u00ed ny\u0254\u0301l (2) : Les parties du corps (2)N\u0300l\u00f3 10. B\u00ecdz\u00f2 b\u00ed ny\u0254\u0301l (3) : Les parties du corps (3)N\u0300l\u00f3 11. B\u00ecdz\u00f2 b\u00ed ny\u0254\u0301l (4) : Les parties du corps (4)N\u0300l\u00f3 12. B\u00ecdz\u00f2 b\u00ed ny\u0254\u0301l (5) : Les parties du corps (5)N\u0300l\u00f3 13. B\u00ecdz\u00f2 b\u00ed ny\u0254\u0301l (6) : Les parties du corps (6)N\u0300l\u00f3 14. B\u00ecdz\u00f2 b\u00ed ny\u0254\u0301l (7) : Les parties du corps (7)N\u0300l\u00f3 15. Ts\u00edd: Ts\u00edd B\u00ecy\u0259\u0301m: Animaux domestiquesN\u0300l\u00f3 16. Ts\u00edd: Nn\u0259\u0300\u0259\u0304 B\u00ecy\u0259\u0301m (2) : Animaux domestiques (2)N\u0300l\u00f3 17. Ts\u00edd: Nn\u0259\u0300\u0259\u0304 y\u01ce \u00e1f\u00e0n : Animaux forestiersN\u0300l\u00f3 18. Ts\u00edd: Nn\u0259\u0300\u0259\u0304 y\u01ce \u00e1f\u00e0n (2) : Animaux forestiers (2)N\u0300l\u00f3 19. Ts\u00edd: \u00c0n\u0254\u030cn : Animaux ail\u00e9sN\u0300l\u00f3 20. Ts\u00edd m\u0259\u0300f\u01ceb : Animaux ail\u00e9s N\u0300l\u00f3 21. Ts\u00edd \u00e0sw\u00e9 : Animaux aquatiquesN\u0300l\u00f3 22. Ts\u00edd : B\u00ecw\u0254\u0301\u014b : Les reptilesN\u0300l\u00f3 23. Ts\u00edd: AnimauxN\u0300l\u00f3 24. Ts\u00edd : B\u00ect\u00e0nd\u00e1g : InsectesN\u0300l\u00f3 25. Ts\u00edd : B\u00ect\u00e0nd\u00e1g (2) : Insectes (2)N\u0300l\u00f3 26. Ny\u0254\u0301l by\u0259\u0304m : Les couleursN\u0300l\u00f3 27. Ny\u0254\u0301l by\u0259\u0304m (2) : Les couleurs (2)N\u0300l\u00f3 28. Ny\u0254\u0301l by\u0259\u0304m (3): Les couleurs (3)N\u0300l\u00f3 29. B\u0259\u0300n\u0254\u0300mb\u0254\u0300: Les chiffresN\u0300l\u00f3 30. By\u0259\u0301m b\u00ed nd\u00e1 : Les objets de la maisonN\u0300l\u00f3 31. By\u0259\u0301m b\u00ed k\u00e1s\u00ecn : Les objets de la cuisineN\u0300l\u00f3 32. By\u0259\u0301m b\u00ed k\u00e1s\u00ecn (2) : Les objets de la cuisine (2)N\u0300l\u00f3 33. B\u01d0ng\u00ecn: Les engins de d\u00e9placementN\u0300l\u00f3 34. B\u00ecd\u00ed : Z\u00ec\u00e8 : La faimN\u0300l\u00f3 35. B\u00ecb\u00f9m\u00e1 : Les fruitsN\u0300l\u00f3 36. B\u00ecb\u00f9m\u00e1 (2): Les fruits (2)N\u0300l\u00f3 37. B\u00ecd\u00ed : Les alimentsN\u0300l\u00f3 38. B\u00ecd\u00ed (2) : Les aliments (2)N\u0300l\u00f3 39. B\u00ecd\u00ed : M\u00ecm\u0300fy\u00e1\u014b : la sauceN\u0300l\u00f3 40. B\u00ecd\u00ed (3) : Les aliments (3)N\u0300l\u00f3 41. B\u00ecd\u00ed (4) : Les aliments (4)N\u0300l\u00f3 42. B\u00ecd\u00ed (5): Les aliments (5)N\u0300l\u00f3 43. B\u00ecd\u00ed (6) : Les aliments (6)N\u0300l\u00f3 44. B\u00ecd\u00ed (7) : Les aliments (7) N\u0300l\u00f3 45. M\u0259\u0300ny\u00fa : La boissonN\u0300l\u00f3 46. \u00c8d\u00fag : Les toilettesN\u0300l\u00f3 47. M\u00ecns\u00edn\u00e0 y\u00e0 \u00e0n\u00e1 : Nouvelles TechnologiesN\u0300l\u00f3 48. M\u00ecns\u00edn\u00e0 y\u00e0 \u00e0n\u00e1 (2) : Nouvelles Technologies (2)N\u0300l\u00f3 49. \u00c0k\u0254\u0301g b\u00edb\u00fag : VocabulaireN\u0300l\u00f3 50. \u00c0k\u0254\u0301g b\u00edb\u00fag (2) : Vocabulaire (2)N\u0300l\u00f3 51. \u00c0k\u0254\u0301g b\u00edb\u00fag (3) : Vocabulaire (3)N\u0300l\u00f3 52. \u00c0k\u0254\u0301g b\u00edb\u00fag (4) : Vocabulaire (4)N\u0300l\u00f3 53. M\u0259\u0300b\u01d2g : Le climatN\u0300l\u00f3 54. B\u00ecv\u00f2\u00e9 : Jeu et SportN\u0300l\u00f3 55. B\u00ecl\u00e9 : Les arbresN\u0300l\u00f3 56. B\u00ecy\u00e9 : L\u2019habillementN\u0300l\u00f3 57. B\u00ecy\u00e9 (2) : L\u2019habillement (2)N\u0300l\u00f3 58. B\u00ecy\u00e9 (3) : L\u2019habillement (3)N\u0300l\u00f3 59. M\u00ecmf\u0259\u0301g : Les sacsN\u0300l\u00f3 60. M\u0259\u0300s\u00e0b : Les paruresN\u0300l\u00f3 61. M\u0259\u0300w\u0254\u0301b\u0254\u0300 : La doucheN\u0300l\u00f3 62. B\u00ecd\u01d4\u014b : Les instruments de musique &#8230;www.resulam.com<\/p>\n\n\t\t<\/div>\n\t<\/div>\n<\/div><\/div><\/div><div class=\"wpb_column vc_column_container vc_col-sm-6\"><div class=\"vc_column-inner\"><div class=\"wpb_wrapper\">\n\t<div class=\"wpb_text_column wpb_content_element\" >\n\t\t<div class=\"wpb_wrapper\">\n\t\t\t<h2>Product details<\/h2>\n<div id=\"detailBullets_feature_div\">\n<ul class=\"a-unordered-list a-nostyle a-vertical a-spacing-none detail-bullet-list\">\n<li><span class=\"a-list-item\"><span class=\"a-text-bold\">Publisher \u200f : \u200e\u00a0<\/span>Independently published (September 11, 2019)<\/span><\/li>\n<li><span class=\"a-list-item\"><span class=\"a-text-bold\">Language \u200f : \u200e\u00a0<\/span>French<\/span><\/li>\n<li><span class=\"a-list-item\"><span class=\"a-text-bold\">Paperback \u200f : \u200e\u00a0<\/span>95 pages<\/span><\/li>\n<li><span class=\"a-list-item\"><span class=\"a-text-bold\">ISBN-10 \u200f : \u200e\u00a0<\/span>1089371497<\/span><\/li>\n<li><span class=\"a-list-item\"><span class=\"a-text-bold\">ISBN-13 \u200f : \u200e\u00a0<\/span>978-1089371496<\/span><\/li>\n<li><span class=\"a-list-item\"><span class=\"a-text-bold\">Item Weight \u200f : \u200e\u00a0<\/span>2.82 ounces<\/span><\/li>\n<li><span class=\"a-list-item\"><span class=\"a-text-bold\">Dimensions \u200f : \u200e\u00a0<\/span>8.25 x 0.23 x 6 inches<\/span><\/li>\n<\/ul>\n<\/div>\n<ul class=\"a-unordered-list a-nostyle a-vertical a-spacing-none detail-bullet-list\">\n<li><span class=\"a-list-item\"><span class=\"a-text-bold\">Best Sellers Rank:\u00a0<\/span>#8,165,368 in Books (<a href=\"https:\/\/www.amazon.com\/gp\/bestsellers\/books\/ref=pd_zg_ts_books\">See Top 100 in Books<\/a>)<\/span>\n<ul class=\"a-unordered-list a-nostyle a-vertical zg_hrsr\">\n<li><span class=\"a-list-item\">#4,955 in\u00a0<a href=\"https:\/\/www.amazon.com\/gp\/bestsellers\/books\/11972\/ref=pd_zg_hrsr_books\">Alphabet Reference<\/a><\/span><\/li>\n<\/ul>\n<\/li>\n<\/ul>\n\n\t\t<\/div>\n\t<\/div>\n<\/div><\/div><\/div><\/div>\n<\/section>","protected":false},"excerpt":{"rendered":"Syllabaire et dictionnaire visuel en langue ewondo Dans ce livre, vous apprendrez \u00e0 lire l\u2019alphabet g\u00e9n\u00e9ral des langues camerounaises, les","protected":false},"featured_media":7057,"comment_status":"open","ping_status":"closed","template":"","meta":[],"product_cat":[23],"product_tag":[],"class_list":["post-7056","product","type-product","status-publish","has-post-thumbnail","hentry","product_cat-ewondo"],"_links":{"self":[{"href":"https:\/\/resulam.com\/fr\/wp-json\/wp\/v2\/product\/7056","targetHints":{"allow":["GET"]}}],"collection":[{"href":"https:\/\/resulam.com\/fr\/wp-json\/wp\/v2\/product"}],"about":[{"href":"https:\/\/resulam.com\/fr\/wp-json\/wp\/v2\/types\/product"}],"replies":[{"embeddable":true,"href":"https:\/\/resulam.com\/fr\/wp-json\/wp\/v2\/comments?post=7056"}],"wp:featuredmedia":[{"embeddable":true,"href":"https:\/\/resulam.com\/fr\/wp-json\/wp\/v2\/media\/7057"}],"wp:attachment":[{"href":"https:\/\/resulam.com\/fr\/wp-json\/wp\/v2\/media?parent=7056"}],"wp:term":[{"taxonomy":"product_cat","embeddable":true,"href":"https:\/\/resulam.com\/fr\/wp-json\/wp\/v2\/product_cat?post=7056"},{"taxonomy":"product_tag","embeddable":true,"href":"https:\/\/resulam.com\/fr\/wp-json\/wp\/v2\/product_tag?post=7056"}],"curies":[{"name":"wp","href":"https:\/\/api.w.org\/{rel}","templated":true}]}}