{"id":7046,"date":"2022-09-24T03:01:19","date_gmt":"2022-09-24T03:01:19","guid":{"rendered":"https:\/\/resulam.com\/?post_type=product&#038;p=7046"},"modified":"2022-09-24T04:06:48","modified_gmt":"2022-09-24T04:06:48","slug":"guide-de-conversation-phrasebook-en-langue-ewondo-part-i-trilingual-phrasebook-french-english-ewondo-french-edition","status":"publish","type":"product","link":"https:\/\/resulam.com\/fr\/produit\/guide-de-conversation-phrasebook-en-langue-ewondo-part-i-trilingual-phrasebook-french-english-ewondo-french-edition\/","title":{"rendered":"Guide de conversation (phrasebook) en langue ewondo &#8211; part I: Trilingual Phrasebook : French-English-Ewondo (French Edition)"},"content":{"rendered":"<section class=\"wpb-content-wrapper\"><div class=\"vc_row wpb_row vc_row-fluid\"><div class=\"wpb_column vc_column_container vc_col-sm-6\"><div class=\"vc_column-inner\"><div class=\"wpb_wrapper\">\n\t<div class=\"wpb_text_column wpb_content_element\" >\n\t\t<div class=\"wpb_wrapper\">\n\t\t\t<h2 id=\"title\" class=\"a-spacing-none a-text-normal\"><span id=\"productTitle\" class=\"a-size-extra-large\">Guide de conversation (phrasebook) en langue ewondo &#8211; part I<\/span><\/h2>\n<p>The Ewondo language is a good representation of the family of Fang languages spoken in Central Africa by over 3.5 million people scattered in six countries: Cameroon, Gabon, Equatorial Guinea, Congo &#8211; Brazzaville, Central African Republic and Sao Tome.L&#8217;Ewondo est une bonne repr\u00e9sentation de la famille des langues Fang parl\u00e9es en Afrique Centrale par plus de 3,5 millions de personnes \u00e9parpill\u00e9es dans six pays : Cameroun, Gabon, Guin\u00e9e \u00e9quatoriale, Congo-Brazzaville, Centrafrique et Sao-Tome.This trilingual phrasebook English-French-Ewondo contains more than 1500 common words and expressions\/phrases used in daily life conversation, in ewondo language. It is well organized in 31 topics that include all you need in order to communicate in daily life. After reading this book, the learner should be able to fluently introduce himself, ask for any questions he\/she likes, and communicate with native speakers including elder people. The author recommends that, when you are with a French, Ewondo or English native speaker, you open this book, and choose a chapter and read the sentence either in French, English or Ewondo. You will be amazed by how accurate is the translation and by the reaction of your interlocutor. Ce guide de conversation trilingue fran\u00e7ais-anglais-ewondo (trilingual phrasebook en anglais) contient plus de 1500 mots et expressions soigneusement choisis parmi les expressions les plus utilis\u00e9es dans les conversations de la vie quotidienne, dans la langue de ewondo. Le livre est tr\u00e8s bien organis\u00e9 en 31 chapitres comprenant tout ce dont vous avez besoin pour communiquer couramment dans la vie quotidienne. Apr\u00e8s avoir lu ce livre, l&#8217;apprenant doit \u00eatre en mesure de se pr\u00e9senter, poser toutes les questions qui lui viennent en id\u00e9e, bref de communiquer sans g\u00eane avec des locuteurs natifs, y compris les personnes \u00e2g\u00e9es. L&#8217;auteur recommande, lorsque vous vous retrouvez face \u00e0 un locuteur natif de la langue fran\u00e7aise, anglaise ou ewondo, d&#8217;ouvrir ce livre, de choisir un chapitre et de lire une phrase soit en fran\u00e7ais, en anglais ou en ewondo, selon la nationalit\u00e9 de votre interlocuteur. Vous serez surpris par la pr\u00e9cision de la traduction et aussi par la r\u00e9action de votre interlocuteur. The book targets three categories of people: 1) French-speakers keen on learning Ewondo and\/or English, 2) English-speakers wanting to learn French and\/or Ewondo, 3) native speakers of Ewondo who want to learn French and\/or English. Le livre vise trois cat\u00e9gories de personnes: 1) des personnes ayant une connaissance du fran\u00e7ais et d\u00e9sirant apprendre l\u2019ewondo et\/ou l&#8217;anglais, 2) des personnes ayant une connaissance de l&#8217;anglais et d\u00e9sirant apprendre le fran\u00e7ais et\/ou l\u2019ewondo, 3) les gens ayant une connaissance en ewondo et d\u00e9sirant apprendre le fran\u00e7ais et\/ou anglais.\u00a0&#8230;www.resulam.com<\/p>\n\n\t\t<\/div>\n\t<\/div>\n<\/div><\/div><\/div><div class=\"wpb_column vc_column_container vc_col-sm-6\"><div class=\"vc_column-inner\"><div class=\"wpb_wrapper\">\n\t<div class=\"wpb_text_column wpb_content_element\" >\n\t\t<div class=\"wpb_wrapper\">\n\t\t\t<hr class=\"a-divider-normal bucketDivider\" aria-hidden=\"true\" \/>\n<h2>Les d\u00e9tails du produit<\/h2>\n<div id=\"detailBullets_feature_div\">\n<ul class=\"a-unordered-list a-nostyle a-vertical a-spacing-none detail-bullet-list\">\n<li><span class=\"a-list-item\"><span class=\"a-text-bold\">ASIN \u200f : \u200e\u00a0<\/span>B088YP138F<\/span><\/li>\n<li><span class=\"a-list-item\"><span class=\"a-text-bold\">Langue \u200f : \u200e\u00a0<\/span>Fran\u00e7ais<\/span><\/li>\n<li><span class=\"a-list-item\"><span class=\"a-text-bold\">Taille de fichier \u200f : \u200e\u00a0<\/span>4649 KB<\/span><\/li>\n<li><span class=\"a-list-item\"><span class=\"a-text-bold\">Synth\u00e8se vocale \u200f : \u200e\u00a0<\/span>non activ\u00e9<\/span><\/li>\n<li><span class=\"a-list-item\"><span class=\"a-text-bold\">Confort de lecture \u200f : \u200e\u00a0<\/span>Non activ\u00e9<\/span><\/li>\n<li><span class=\"a-list-item\"><span class=\"a-text-bold\">Word Wise \u200f : \u200e\u00a0<\/span>Non activ\u00e9<\/span><\/li>\n<li><span class=\"a-list-item\"><span class=\"a-text-bold\">Longueur d&#8217;impression \u200f : \u200e\u00a0<\/span>138 pages<\/span><\/li>\n<\/ul>\n<\/div>\n<ul class=\"a-unordered-list a-nostyle a-vertical a-spacing-none detail-bullet-list\">\n<li><span class=\"a-list-item\"><span class=\"a-text-bold\">Classement des meilleures ventes d&#8217;Amazon:\u00a0<\/span>1,128,344 en Boutique Kindle (<a href=\"https:\/\/www.amazon.ca\/-\/fr\/gp\/bestsellers\/digital-text\/ref=pd_zg_ts_digital-text\">Voir les 100 premiers en Boutique Kindle<\/a>)<\/span>\n<ul class=\"a-unordered-list a-nostyle a-vertical zg_hrsr\">\n<li><span class=\"a-list-item\">12 en\u00a0<a href=\"https:\/\/www.amazon.ca\/-\/fr\/gp\/bestsellers\/digital-text\/5795064011\/ref=pd_zg_hrsr_digital-text\">Langues africaines<\/a><\/span><\/li>\n<li><span class=\"a-list-item\">102 en\u00a0<a href=\"https:\/\/www.amazon.ca\/-\/fr\/gp\/bestsellers\/digital-text\/5788692011\/ref=pd_zg_hrsr_digital-text\">Livres \u00e9lectroniques Enseignement des langues africaines<\/a><\/span><\/li>\n<li><span class=\"a-list-item\">546 en\u00a0<a href=\"https:\/\/www.amazon.ca\/-\/fr\/gp\/bestsellers\/books\/952692\/ref=pd_zg_hrsr_books\">Livres d\u2019enseignement sur la langue africaine<\/a><\/span><\/li>\n<\/ul>\n<\/li>\n<\/ul>\n\n\t\t<\/div>\n\t<\/div>\n<\/div><\/div><\/div><\/div>\n<\/section>","protected":false},"excerpt":{"rendered":"Guide de conversation (phrasebook) en langue ewondo - part I The Ewondo language is a good representation of the family","protected":false},"featured_media":7055,"comment_status":"open","ping_status":"closed","template":"","meta":[],"product_cat":[23],"product_tag":[],"class_list":["post-7046","product","type-product","status-publish","has-post-thumbnail","hentry","product_cat-ewondo"],"_links":{"self":[{"href":"https:\/\/resulam.com\/fr\/wp-json\/wp\/v2\/product\/7046","targetHints":{"allow":["GET"]}}],"collection":[{"href":"https:\/\/resulam.com\/fr\/wp-json\/wp\/v2\/product"}],"about":[{"href":"https:\/\/resulam.com\/fr\/wp-json\/wp\/v2\/types\/product"}],"replies":[{"embeddable":true,"href":"https:\/\/resulam.com\/fr\/wp-json\/wp\/v2\/comments?post=7046"}],"wp:featuredmedia":[{"embeddable":true,"href":"https:\/\/resulam.com\/fr\/wp-json\/wp\/v2\/media\/7055"}],"wp:attachment":[{"href":"https:\/\/resulam.com\/fr\/wp-json\/wp\/v2\/media?parent=7046"}],"wp:term":[{"taxonomy":"product_cat","embeddable":true,"href":"https:\/\/resulam.com\/fr\/wp-json\/wp\/v2\/product_cat?post=7046"},{"taxonomy":"product_tag","embeddable":true,"href":"https:\/\/resulam.com\/fr\/wp-json\/wp\/v2\/product_tag?post=7046"}],"curies":[{"name":"wp","href":"https:\/\/api.w.org\/{rel}","templated":true}]}}