{"id":578,"date":"2016-04-10T14:27:46","date_gmt":"2016-04-10T18:27:46","guid":{"rendered":"https:\/\/resulam.com\/?page_id=578"},"modified":"2016-04-10T14:27:46","modified_gmt":"2016-04-10T18:27:46","slug":"faites-connaitre-votre-langue","status":"publish","type":"page","link":"https:\/\/resulam.com\/fr\/faites-connaitre-votre-langue\/","title":{"rendered":"Make your language known"},"content":{"rendered":"<div id=\"pl-578\"  class=\"panel-layout\" ><div id=\"pg-578-0\"  class=\"panel-grid panel-no-style\" ><div id=\"pgc-578-0-0\"  class=\"panel-grid-cell\" ><div id=\"panel-578-0-0-0\" class=\"so-panel widget widget_black-studio-tinymce widget_black_studio_tinymce panel-first-child panel-last-child\" data-index=\"0\" ><div class=\"textwidget\"><h2>A venir Bient\u00f4t<\/h2>\n<p>Si vous connaissez des activistes en votre langue maternelle, ou si vous meme en \u00eates un et souhaiteriez d\u00e9velopper votre langue, bien vouloir nous contacter a contact@resulam.com pour qu'ensemble nous puissions relever ce d\u00e9fi.<\/p>\n<p><img loading=\"lazy\" decoding=\"async\" class=\"wp-image-507 size-full aligncenter\" src=\"https:\/\/www.resulam.com\/wp-content\/uploads\/2016\/04\/coming_soon-e1459875281762.jpg\" alt=\"coming_soon\" width=\"225\" height=\"225\" srcset=\"https:\/\/resulam.com\/wp-content\/uploads\/2016\/04\/coming_soon-e1459875281762.jpg 225w, https:\/\/resulam.com\/wp-content\/uploads\/2016\/04\/coming_soon-e1459875281762-150x150.jpg 150w\" sizes=\"auto, (max-width: 225px) 100vw, 225px\" \/><\/p>\n<\/div><\/div><\/div><\/div><\/div>","protected":false},"excerpt":{"rendered":"<p>A venir Bient\u00f4tSi vous connaissez des activistes en votre langue maternelle, ou si vous meme en \u00eates un et souhaiteriez<\/p>","protected":false},"author":1,"featured_media":0,"parent":0,"menu_order":0,"comment_status":"closed","ping_status":"closed","template":"","meta":{"footnotes":""},"class_list":["post-578","page","type-page","status-publish","hentry"],"_links":{"self":[{"href":"https:\/\/resulam.com\/fr\/wp-json\/wp\/v2\/pages\/578","targetHints":{"allow":["GET"]}}],"collection":[{"href":"https:\/\/resulam.com\/fr\/wp-json\/wp\/v2\/pages"}],"about":[{"href":"https:\/\/resulam.com\/fr\/wp-json\/wp\/v2\/types\/page"}],"author":[{"embeddable":true,"href":"https:\/\/resulam.com\/fr\/wp-json\/wp\/v2\/users\/1"}],"replies":[{"embeddable":true,"href":"https:\/\/resulam.com\/fr\/wp-json\/wp\/v2\/comments?post=578"}],"version-history":[{"count":0,"href":"https:\/\/resulam.com\/fr\/wp-json\/wp\/v2\/pages\/578\/revisions"}],"wp:attachment":[{"href":"https:\/\/resulam.com\/fr\/wp-json\/wp\/v2\/media?parent=578"}],"curies":[{"name":"wp","href":"https:\/\/api.w.org\/{rel}","templated":true}]}}