{"id":5212,"date":"2021-08-25T07:26:28","date_gmt":"2021-08-25T07:26:28","guid":{"rendered":"http:\/\/dummy.xtemos.com\/woodmart2\/?page_id=5212"},"modified":"2022-10-16T01:04:47","modified_gmt":"2022-10-16T01:04:47","slug":"about-us-3","status":"publish","type":"page","link":"https:\/\/resulam.com\/fr\/about-us-3\/","title":{"rendered":"\u00c0 propos"},"content":{"rendered":"<section class=\"wpb-content-wrapper\"><div class=\"vc_row wpb_row vc_row-fluid\"><div class=\"wpb_column vc_column_container vc_col-sm-6\"><div class=\"vc_column-inner\"><div class=\"wpb_wrapper\">\n\t\t<div id=\"wd-633516543e924\" class=\"title-wrapper wd-wpb set-mb-s reset-last-child  wd-rs-633516543e924 wd-title-color-primary wd-title-style-default text-left vc_custom_1664423541880 wd-underline-colored\">\n\t\t\t\t\t\t\t<div class=\"title-subtitle  subtitle-color-primary font-default subtitle-style-default wd-font-weight-600 wd-fontsize-xs\">SEEMINGLY ELEGANT DESIGN<\/div>\n\t\t\t\n\t\t\t<div class=\"liner-continer\">\n\t\t\t\t<h4 class=\"woodmart-title-container title  wd-font-weight- wd-fontsize-xxl\" >About What we Do<\/h4>\n\t\t\t\t\t\t\t<\/div>\n\t\t\t\n\t\t\t\n\t\t\t\n\t\t<\/div>\n\t\t\n\t\t\t\t<div id=\"wd-6335152397d98\" class=\"wd-image wd-wpb wd-rs-6335152397d98 text-left vc_custom_1664423268870\">\n\t\t\t\n\t\t\t<img loading=\"lazy\" decoding=\"async\" width=\"480\" height=\"360\" src=\"https:\/\/resulam.com\/wp-content\/uploads\/2020\/05\/hqdefault-120.jpg\" class=\"attachment-full\" alt=\"Resulam, Resurrection des Langues maternelles, en images\" title=\"hqdefault.jpg\" srcset=\"https:\/\/resulam.com\/wp-content\/uploads\/2020\/05\/hqdefault-120.jpg 480w, https:\/\/resulam.com\/wp-content\/uploads\/2020\/05\/hqdefault-120-400x300.jpg 400w, https:\/\/resulam.com\/wp-content\/uploads\/2020\/05\/hqdefault-120-430x323.jpg 430w, https:\/\/resulam.com\/wp-content\/uploads\/2020\/05\/hqdefault-120-150x113.jpg 150w\" sizes=\"auto, (max-width: 480px) 100vw, 480px\" \/>\n\t\t\t\t\t<\/div>\n\t\t<\/div><\/div><\/div><div class=\"wpb_column vc_column_container vc_col-sm-6\"><div class=\"vc_column-inner\"><div class=\"wpb_wrapper\">\t\t<div id=\"wd-6335162b5ba9d\" class=\"wd-text-block wd-wpb reset-last-child wd-rs-6335162b5ba9d text-left wd-fontsize-custom vc_custom_1664423501776\">\n\t\t\t<p>Resulam, Resurrection of the Mother Tongues has as ultimate objective to put at the same pitch all the languages \u200b\u200bof the world. Resulam has already developed a series of web and android applications for learning ancestral languages.<\/p>\n<p>In order to adapt mother tongue learning to the evolution of new technologies, we have developed applications such as:<\/p>\n<p>The Clafica keyboard (PC and web versions), which is an application to facilitate the writing of languages \u200b\u200busing short codes for each special character.<br \/>\nWeb and android applications for learning common expressions<br \/>\nDictionaries in various languages.<\/p>\n<p>If you are interested in what we do, and would like to contribute, please join Resulam team and bring us your contribution. Any donation is also welcome, that will surely\u00a0motivate our team.<\/p>\n<p><strong>Our Philosophy<\/strong><br \/>\nIf you want to contribute to the evolution of the world, start by assuming that the limits of the world are the four walls of your room. When your room is tidy, move to the living room. If you are satisfied, water the flowers in your garden and clean your storefront. If all is satisfactory, extend the confines of your world to your village and then your region. After satisfaction, spread the ends of your world to your country.<\/p>\n<p>If you are satisfied, unfold the boundaries of your world to the extent of the globe before heading to the exoplanets. In this way your contribution to the world will be more captivating, perceptible, remarkable and therefore glorious.<\/p>\n<p>Rodrigue Tchamna<\/p>\n<p>\u00d2 m\u0251\u030c nkw\u00e9\u2019 f\u0289\u0300\u2019, \u01d2 s\u00ec z\u00ed \u012b ! F\u0251\u0300\u2019 m\u0251\u0301 mf\u0251\u0300\u2019 m\u014d, f\u0289\u030c\u2019 \u00ecnz\u00ed \u014d !<br \/>\nDo not aim for success if you want it, just do what you love with devotion, and the rest will come<br \/>\nDavid Frost<\/p>\n<p><strong>Browse RESULAM<\/strong><br \/>\nScroll through the various menus of the site to discover the achievements of Resulam. Also browse the software section to download the various\u00a0<strong>Application<\/strong>\u00a0for learning Cameroonian languages \u200b\u200bthat will later be extended to all the minority languages \u200b\u200bof the world.<\/p>\n\t\t<\/div>\n\t\t<\/div><\/div><\/div><\/div><div class=\"vc_row wpb_row vc_row-fluid\"><div class=\"wpb_column vc_column_container vc_col-sm-12\"><div class=\"vc_column-inner\"><div class=\"wpb_wrapper\"><div  class=\"vc_wp_text wpb_content_element\"><div class=\"widget widget_text\">\t\t\t<div class=\"textwidget\"><div class=\"sdm_download_button_box_default\">\n<div class=\"sdm_download_link\"><a href=\"https:\/\/resulam.com\/fr\/?sdm_process_download=1&download_id=7413\" class=\"sdm_download green\" title=\"Clafrica All Double\" >T\u00e9l\u00e9charger le catalogue<\/a><\/div>\n<\/div>\n<\/div>\n\t\t<\/div><\/div><\/div><\/div><\/div><\/div>\n<\/section>","protected":false},"excerpt":{"rendered":"SEEMINGLY ELEGANT DESIGN About What we Do Resulam, Resurrection of the Mother Tongues has as ultimate objective to put at","protected":false},"author":1,"featured_media":0,"parent":0,"menu_order":0,"comment_status":"closed","ping_status":"closed","template":"","meta":{"footnotes":""},"class_list":["post-5212","page","type-page","status-publish","hentry"],"_links":{"self":[{"href":"https:\/\/resulam.com\/fr\/wp-json\/wp\/v2\/pages\/5212","targetHints":{"allow":["GET"]}}],"collection":[{"href":"https:\/\/resulam.com\/fr\/wp-json\/wp\/v2\/pages"}],"about":[{"href":"https:\/\/resulam.com\/fr\/wp-json\/wp\/v2\/types\/page"}],"author":[{"embeddable":true,"href":"https:\/\/resulam.com\/fr\/wp-json\/wp\/v2\/users\/1"}],"replies":[{"embeddable":true,"href":"https:\/\/resulam.com\/fr\/wp-json\/wp\/v2\/comments?post=5212"}],"version-history":[{"count":9,"href":"https:\/\/resulam.com\/fr\/wp-json\/wp\/v2\/pages\/5212\/revisions"}],"predecessor-version":[{"id":7417,"href":"https:\/\/resulam.com\/fr\/wp-json\/wp\/v2\/pages\/5212\/revisions\/7417"}],"wp:attachment":[{"href":"https:\/\/resulam.com\/fr\/wp-json\/wp\/v2\/media?parent=5212"}],"curies":[{"name":"wp","href":"https:\/\/api.w.org\/{rel}","templated":true}]}}